{"id":982,"date":"2019-01-24T17:33:02","date_gmt":"2019-01-24T17:33:02","guid":{"rendered":"https:\/\/donquiro.com\/product\/posturometre-pliable\/"},"modified":"2019-11-20T11:37:51","modified_gmt":"2019-11-20T11:37:51","slug":"posturometre-pliable","status":"publish","type":"product","link":"https:\/\/donquiro.com\/fr\/producto\/posturometre-pliable\/","title":{"rendered":"Posturom\u00e8tre pliable"},"content":{"rendered":"<p>Instrument de diagnostic pour l&rsquo;examen postural, il d\u00e9tecte des probl\u00e8mes et des asym\u00e9tries. Le design du posturom\u00e8tre nous aide \u00e0 \u00e9valuer la posture du patient \u00e0 diagnostiquer.<br \/>\nMesurant l&rsquo;inclination de la t\u00eate, la sym\u00e9trie des \u00e9paules et la sym\u00e9trie des hanches en d\u00e9finissant un patron de posture.<br \/>\nUne fois d\u00e9termin\u00e9, un programme est r\u00e9alis\u00e9 pour corriger l&rsquo;anomalie posturale.<\/p>\n<p>Caract\u00e9ristiques :<\/p>\n<ul>\n<li>Structure en acier thermo-laqu\u00e9<\/li>\n<li>Partie sup\u00e9rieure (pliant pour le transport)100 x 70 cm<\/li>\n<li>Mesures : 200 x 70 cm base \/ 70 x 60 cm<\/li>\n<\/ul>\n","protected":false},"excerpt":{"rendered":"<p>TVA et frais de port ne sont pas inclus<\/p>\n","protected":false},"featured_media":4111,"comment_status":"open","ping_status":"closed","template":"","meta":[],"product_brand":[],"product_cat":[83],"product_tag":[],"class_list":{"0":"post-982","1":"product","2":"type-product","3":"status-publish","4":"has-post-thumbnail","6":"product_cat-accessories-fr","8":"first","9":"instock","10":"shipping-taxable","11":"purchasable","12":"product-type-simple"},"aioseo_notices":[],"_links":{"self":[{"href":"https:\/\/donquiro.com\/fr\/wp-json\/wp\/v2\/product\/982","targetHints":{"allow":["GET"]}}],"collection":[{"href":"https:\/\/donquiro.com\/fr\/wp-json\/wp\/v2\/product"}],"about":[{"href":"https:\/\/donquiro.com\/fr\/wp-json\/wp\/v2\/types\/product"}],"replies":[{"embeddable":true,"href":"https:\/\/donquiro.com\/fr\/wp-json\/wp\/v2\/comments?post=982"}],"wp:featuredmedia":[{"embeddable":true,"href":"https:\/\/donquiro.com\/fr\/wp-json\/wp\/v2\/media\/4111"}],"wp:attachment":[{"href":"https:\/\/donquiro.com\/fr\/wp-json\/wp\/v2\/media?parent=982"}],"wp:term":[{"taxonomy":"product_brand","embeddable":true,"href":"https:\/\/donquiro.com\/fr\/wp-json\/wp\/v2\/product_brand?post=982"},{"taxonomy":"product_cat","embeddable":true,"href":"https:\/\/donquiro.com\/fr\/wp-json\/wp\/v2\/product_cat?post=982"},{"taxonomy":"product_tag","embeddable":true,"href":"https:\/\/donquiro.com\/fr\/wp-json\/wp\/v2\/product_tag?post=982"}],"curies":[{"name":"wp","href":"https:\/\/api.w.org\/{rel}","templated":true}]}}