{"id":901,"date":"2019-01-24T15:47:23","date_gmt":"2019-01-24T15:47:23","guid":{"rendered":"https:\/\/donquiro.com\/product\/table-modele-toggle\/"},"modified":"2025-05-22T15:17:17","modified_gmt":"2025-05-22T15:17:17","slug":"table-modele-toggle","status":"publish","type":"product","link":"https:\/\/donquiro.com\/fr\/producto\/table-modele-toggle\/","title":{"rendered":"Table mod\u00e8le Toggle"},"content":{"rendered":"<p>Table con\u00e7ue pour des chiropracteurs. L&rsquo;usage du drop cervical dans cette table petmet l&rsquo;ajustment direct des vert\u00e8bres avec une pr\u00e9cision absolue.<\/p>\n<p>Caract\u00e9ristiques :<\/p>\n<ul>\n<li>Hauteur minimale de 40 cm<\/li>\n<li>Longueur : 180 cm<\/li>\n<li>Largeur : 50 cm<\/li>\n<li>Poids : 40 Kg<\/li>\n<li>\u00c9l\u00e9vation de la t\u00eate (r\u00e9glable \u00e9lectriquement par p\u00e9dale)<\/li>\n<li>Couleurs du tissu (voir tableau des couleurs)<\/li>\n<\/ul>\n","protected":false},"excerpt":{"rendered":"<p>Table con\u00e7ue pour des chiropracteurs. L&rsquo;usage du drop cervical dans cette table petmet l&rsquo;ajustment direct des vert\u00e8bres avec une pr\u00e9cision absolue. Caract\u00e9ristiques : Hauteur minimale de 40 cm Longueur : 180 cm Largeur : 50 cm Poids : 40 Kg \u00c9l\u00e9vation de la t\u00eate (r\u00e9glable \u00e9lectriquement par p\u00e9dale) Couleurs du tissu (voir tableau des couleurs)<\/p>\n","protected":false},"featured_media":4157,"comment_status":"open","ping_status":"closed","template":"","meta":[],"product_brand":[],"product_cat":[80],"product_tag":[],"class_list":{"0":"post-901","1":"product","2":"type-product","3":"status-publish","4":"has-post-thumbnail","6":"product_cat-tables-fr","8":"first","9":"instock","10":"shipping-taxable","11":"purchasable","12":"product-type-variable"},"aioseo_notices":[],"_links":{"self":[{"href":"https:\/\/donquiro.com\/fr\/wp-json\/wp\/v2\/product\/901","targetHints":{"allow":["GET"]}}],"collection":[{"href":"https:\/\/donquiro.com\/fr\/wp-json\/wp\/v2\/product"}],"about":[{"href":"https:\/\/donquiro.com\/fr\/wp-json\/wp\/v2\/types\/product"}],"replies":[{"embeddable":true,"href":"https:\/\/donquiro.com\/fr\/wp-json\/wp\/v2\/comments?post=901"}],"wp:featuredmedia":[{"embeddable":true,"href":"https:\/\/donquiro.com\/fr\/wp-json\/wp\/v2\/media\/4157"}],"wp:attachment":[{"href":"https:\/\/donquiro.com\/fr\/wp-json\/wp\/v2\/media?parent=901"}],"wp:term":[{"taxonomy":"product_brand","embeddable":true,"href":"https:\/\/donquiro.com\/fr\/wp-json\/wp\/v2\/product_brand?post=901"},{"taxonomy":"product_cat","embeddable":true,"href":"https:\/\/donquiro.com\/fr\/wp-json\/wp\/v2\/product_cat?post=901"},{"taxonomy":"product_tag","embeddable":true,"href":"https:\/\/donquiro.com\/fr\/wp-json\/wp\/v2\/product_tag?post=901"}],"curies":[{"name":"wp","href":"https:\/\/api.w.org\/{rel}","templated":true}]}}