{"id":874,"date":"2019-01-24T15:27:56","date_gmt":"2019-01-24T15:27:56","guid":{"rendered":"https:\/\/donquiro.com\/product\/table-elevatrice-de-physiotherapie-et-osteopathie\/"},"modified":"2025-05-23T11:52:20","modified_gmt":"2025-05-23T11:52:20","slug":"table-elevatrice-de-physiotherapie-et-osteopathie-modele-1","status":"publish","type":"product","link":"https:\/\/donquiro.com\/fr\/producto\/table-elevatrice-de-physiotherapie-et-osteopathie-modele-1\/","title":{"rendered":"Table \u00e9l\u00e9vatrice de physioth\u00e9rapie et ost\u00e9opathie &#8211; Mod\u00e8le 1"},"content":{"rendered":"<p>Table con\u00e7ue pour la physioth\u00e9rapie et l&rsquo;ost\u00e9opathie.<\/p>\n<p>Caract\u00e9ristiques :<\/p>\n<ul>\n<li>T\u00eate basculante<\/li>\n<li>Repose-pieds extensible<\/li>\n<li>Dossier rabattable<\/li>\n<li>Longueur : 190 cm jusqu&rsquo;\u00e0 210 cm<\/li>\n<li>Largeur : 55 cm<\/li>\n<li>Poids : 60 Kg<\/li>\n<li>Hauteur minimale 55 cm et maximale 80 cm<\/li>\n<li>\u00c9l\u00e9vation r\u00e9glable par p\u00e9dale<\/li>\n<li>Couleurs du tissu (voir tableau des couleurs)<\/li>\n<li>Structure en acier au carbone et thermo-laquage avec peinture \u00e9poxy<\/li>\n<\/ul>\n","protected":false},"excerpt":{"rendered":"<p>TVA et transport non inclus<\/p>\n","protected":false},"featured_media":4246,"comment_status":"open","ping_status":"closed","template":"","meta":[],"product_brand":[],"product_cat":[80],"product_tag":[],"class_list":{"0":"post-874","1":"product","2":"type-product","3":"status-publish","4":"has-post-thumbnail","6":"product_cat-tables-fr","8":"first","9":"instock","10":"shipping-taxable","11":"purchasable","12":"product-type-variable"},"aioseo_notices":[],"_links":{"self":[{"href":"https:\/\/donquiro.com\/fr\/wp-json\/wp\/v2\/product\/874","targetHints":{"allow":["GET"]}}],"collection":[{"href":"https:\/\/donquiro.com\/fr\/wp-json\/wp\/v2\/product"}],"about":[{"href":"https:\/\/donquiro.com\/fr\/wp-json\/wp\/v2\/types\/product"}],"replies":[{"embeddable":true,"href":"https:\/\/donquiro.com\/fr\/wp-json\/wp\/v2\/comments?post=874"}],"wp:featuredmedia":[{"embeddable":true,"href":"https:\/\/donquiro.com\/fr\/wp-json\/wp\/v2\/media\/4246"}],"wp:attachment":[{"href":"https:\/\/donquiro.com\/fr\/wp-json\/wp\/v2\/media?parent=874"}],"wp:term":[{"taxonomy":"product_brand","embeddable":true,"href":"https:\/\/donquiro.com\/fr\/wp-json\/wp\/v2\/product_brand?post=874"},{"taxonomy":"product_cat","embeddable":true,"href":"https:\/\/donquiro.com\/fr\/wp-json\/wp\/v2\/product_cat?post=874"},{"taxonomy":"product_tag","embeddable":true,"href":"https:\/\/donquiro.com\/fr\/wp-json\/wp\/v2\/product_tag?post=874"}],"curies":[{"name":"wp","href":"https:\/\/api.w.org\/{rel}","templated":true}]}}