{"id":856,"date":"2024-04-15T17:04:45","date_gmt":"2019-01-24T15:23:45","guid":{"rendered":"https:\/\/donquiro.com\/product\/table-fixe-de-flexion-distraction\/"},"modified":"2025-05-22T14:11:30","modified_gmt":"2025-05-22T14:11:30","slug":"table-fixe-de-flexion-distraction","status":"publish","type":"product","link":"https:\/\/donquiro.com\/fr\/producto\/table-fixe-de-flexion-distraction\/","title":{"rendered":"Table fixe de flexion-distraction"},"content":{"rendered":"<p>L&rsquo;objectif de cette technique consiste \u00e0 r\u00e9aliser un pompage discal qui facilite la r\u00e9duction de la hernie et \u00e0 lutter contre l&rsquo;oed\u00e8me discal et l&rsquo;isch\u00e9mie de la racine nerveuse, ce qui favorise la r\u00e9absorption du mat\u00e9riel discal par la force de la gravit\u00e9.<\/p>\n<p>&nbsp;<\/p>\n<p>Des effets b\u00e9n\u00e9fiques attribu\u00e9s \u00e0 cette technique :<\/p>\n<ul>\n<li>Augmentation de la hauteur post\u00e9rieure du disque<\/li>\n<li>Diminuer la protusion et la st\u00e9nose<\/li>\n<li>Ouvrir facettes articulaires<\/li>\n<li>R\u00e9duire la tension post\u00e9rieure du disque<\/li>\n<li>Augmentation du transport des m\u00e9tabolites<\/li>\n<li>Diminuer la pression intradiscale<\/li>\n<li>Ouverture des trous de conjonction<\/li>\n<\/ul>\n<p>Caract\u00e9ristiques :<\/p>\n<ul>\n<li>T\u00eate basculante<\/li>\n<li>Repose-pieds extensible<\/li>\n<li>Hauteur (minimale 55cm &#8211; maximale 70cm)<\/li>\n<li>Longueur : 180 cm<\/li>\n<li>Largeur : 55 cm<\/li>\n<li>Poids : 70 Kg<\/li>\n<li>Vitesse r\u00e9glable<\/li>\n<li>Distraction<\/li>\n<li>Mouvement lat\u00e9ral arri\u00e8re (manuel)<\/li>\n<li>Structure en acier au carbone et thermo-laquage avec peinture \u00e9poxy<\/li>\n<\/ul>\n","protected":false},"excerpt":{"rendered":"<p>TVA et transport non inclus<\/p>\n","protected":false},"featured_media":4460,"comment_status":"open","ping_status":"closed","template":"","meta":[],"product_brand":[],"product_cat":[80],"product_tag":[],"class_list":{"0":"post-856","1":"product","2":"type-product","3":"status-publish","4":"has-post-thumbnail","6":"product_cat-tables-fr","8":"first","9":"instock","10":"shipping-taxable","11":"purchasable","12":"product-type-variable"},"aioseo_notices":[],"_links":{"self":[{"href":"https:\/\/donquiro.com\/fr\/wp-json\/wp\/v2\/product\/856","targetHints":{"allow":["GET"]}}],"collection":[{"href":"https:\/\/donquiro.com\/fr\/wp-json\/wp\/v2\/product"}],"about":[{"href":"https:\/\/donquiro.com\/fr\/wp-json\/wp\/v2\/types\/product"}],"replies":[{"embeddable":true,"href":"https:\/\/donquiro.com\/fr\/wp-json\/wp\/v2\/comments?post=856"}],"wp:featuredmedia":[{"embeddable":true,"href":"https:\/\/donquiro.com\/fr\/wp-json\/wp\/v2\/media\/4460"}],"wp:attachment":[{"href":"https:\/\/donquiro.com\/fr\/wp-json\/wp\/v2\/media?parent=856"}],"wp:term":[{"taxonomy":"product_brand","embeddable":true,"href":"https:\/\/donquiro.com\/fr\/wp-json\/wp\/v2\/product_brand?post=856"},{"taxonomy":"product_cat","embeddable":true,"href":"https:\/\/donquiro.com\/fr\/wp-json\/wp\/v2\/product_cat?post=856"},{"taxonomy":"product_tag","embeddable":true,"href":"https:\/\/donquiro.com\/fr\/wp-json\/wp\/v2\/product_tag?post=856"}],"curies":[{"name":"wp","href":"https:\/\/api.w.org\/{rel}","templated":true}]}}