{"id":735,"date":"2024-04-16T12:20:40","date_gmt":"2019-01-24T12:37:40","guid":{"rendered":"https:\/\/donquiro.com\/product\/table-fixe-avec-drops\/"},"modified":"2025-05-22T13:55:44","modified_gmt":"2025-05-22T13:55:44","slug":"table-fixe-avec-drops","status":"publish","type":"product","link":"https:\/\/donquiro.com\/fr\/producto\/table-fixe-avec-drops\/","title":{"rendered":"Table fixe avec drops"},"content":{"rendered":"<p>Table con\u00e7ue avec drops lombaire, dorsal et cervical.<\/p>\n<p>L&rsquo;usage du drop permet l&rsquo;ajustement direct des articulations vert\u00e9brales, selon le crit\u00e8re de chaque th\u00e9rapeute.<\/p>\n<p>Caract\u00e9ristiques :<\/p>\n<ul>\n<li>T\u00eate basculante<\/li>\n<li>Repose-pieds extensible<\/li>\n<li>Hauteur (minimale 50 cm &#8211; maximale 70 cm)<\/li>\n<li>Longueur : 180 cm<\/li>\n<li>Largeur : 55 cm<\/li>\n<li>Poids : 50 Kg<\/li>\n<li>Structure en acier au carbone et thermo-laquage avec peinture \u00e9poxy<\/li>\n<li>Couleurs du tissu (voir tableau des couleurs)<\/li>\n<\/ul>\n","protected":false},"excerpt":{"rendered":"<p>TVA et transport non inclus<\/p>\n","protected":false},"featured_media":4368,"comment_status":"open","ping_status":"closed","template":"","meta":[],"product_brand":[],"product_cat":[80],"product_tag":[],"class_list":{"0":"post-735","1":"product","2":"type-product","3":"status-publish","4":"has-post-thumbnail","6":"product_cat-tables-fr","8":"first","9":"instock","10":"shipping-taxable","11":"purchasable","12":"product-type-variable"},"aioseo_notices":[],"_links":{"self":[{"href":"https:\/\/donquiro.com\/fr\/wp-json\/wp\/v2\/product\/735","targetHints":{"allow":["GET"]}}],"collection":[{"href":"https:\/\/donquiro.com\/fr\/wp-json\/wp\/v2\/product"}],"about":[{"href":"https:\/\/donquiro.com\/fr\/wp-json\/wp\/v2\/types\/product"}],"replies":[{"embeddable":true,"href":"https:\/\/donquiro.com\/fr\/wp-json\/wp\/v2\/comments?post=735"}],"wp:featuredmedia":[{"embeddable":true,"href":"https:\/\/donquiro.com\/fr\/wp-json\/wp\/v2\/media\/4368"}],"wp:attachment":[{"href":"https:\/\/donquiro.com\/fr\/wp-json\/wp\/v2\/media?parent=735"}],"wp:term":[{"taxonomy":"product_brand","embeddable":true,"href":"https:\/\/donquiro.com\/fr\/wp-json\/wp\/v2\/product_brand?post=735"},{"taxonomy":"product_cat","embeddable":true,"href":"https:\/\/donquiro.com\/fr\/wp-json\/wp\/v2\/product_cat?post=735"},{"taxonomy":"product_tag","embeddable":true,"href":"https:\/\/donquiro.com\/fr\/wp-json\/wp\/v2\/product_tag?post=735"}],"curies":[{"name":"wp","href":"https:\/\/api.w.org\/{rel}","templated":true}]}}