{"id":7159,"date":"2024-12-18T11:04:32","date_gmt":"2024-12-18T11:04:32","guid":{"rendered":"https:\/\/donquiro.com\/producto\/table-en-bois-model-1\/"},"modified":"2025-05-22T13:43:21","modified_gmt":"2025-05-22T13:43:21","slug":"table-en-bois-model-1","status":"publish","type":"product","link":"https:\/\/donquiro.com\/fr\/producto\/table-en-bois-model-1\/","title":{"rendered":"Table en bois &#8211; Model 1"},"content":{"rendered":"<p>Table con\u00e7ue avec drops lombaire, dorsal et cervical.<\/p>\n<p>L\u2019usage du drop permet l\u2019ajustement direct des articulations vert\u00e9brales, selon le crit\u00e8re de chaque th\u00e9rapeute.<\/p>\n<p>Caract\u00e9ristiques :<\/p>\n<ul>\n<li>T\u00eate basculante<\/li>\n<li>Repose-pieds extensible<\/li>\n<li>Hauteur minimale 55 cm, hauteur maximale 65 cm<\/li>\n<li>Longueur : 180 cm<\/li>\n<li>Largeur : 55 cm<\/li>\n<li>Poids : 45 Kg<\/li>\n<li>Structure en\u00a0bois de h\u00eatre laqu\u00e9<\/li>\n<li>Couleurs du tissu (voir tableau des couleurs)<\/li>\n<li><\/li>\n<\/ul>\n","protected":false},"excerpt":{"rendered":"<p>Table con\u00e7ue avec drops lombaire, dorsal et cervical. L\u2019usage du drop permet l\u2019ajustement direct des articulations vert\u00e9brales, selon le crit\u00e8re de chaque th\u00e9rapeute. Caract\u00e9ristiques : T\u00eate basculante Repose-pieds extensible Hauteur minimale 55 cm, hauteur maximale 65 cm Longueur : 180 cm Largeur : 55 cm Poids : 45 Kg Structure en\u00a0bois de h\u00eatre laqu\u00e9 Couleurs [&#8230;]\n","protected":false},"featured_media":7131,"comment_status":"open","ping_status":"closed","template":"","meta":[],"product_brand":[],"product_cat":[80],"product_tag":[],"class_list":{"0":"post-7159","1":"product","2":"type-product","3":"status-publish","4":"has-post-thumbnail","6":"product_cat-tables-fr","8":"first","9":"instock","10":"shipping-taxable","11":"purchasable","12":"product-type-variable"},"aioseo_notices":[],"_links":{"self":[{"href":"https:\/\/donquiro.com\/fr\/wp-json\/wp\/v2\/product\/7159","targetHints":{"allow":["GET"]}}],"collection":[{"href":"https:\/\/donquiro.com\/fr\/wp-json\/wp\/v2\/product"}],"about":[{"href":"https:\/\/donquiro.com\/fr\/wp-json\/wp\/v2\/types\/product"}],"replies":[{"embeddable":true,"href":"https:\/\/donquiro.com\/fr\/wp-json\/wp\/v2\/comments?post=7159"}],"wp:featuredmedia":[{"embeddable":true,"href":"https:\/\/donquiro.com\/fr\/wp-json\/wp\/v2\/media\/7131"}],"wp:attachment":[{"href":"https:\/\/donquiro.com\/fr\/wp-json\/wp\/v2\/media?parent=7159"}],"wp:term":[{"taxonomy":"product_brand","embeddable":true,"href":"https:\/\/donquiro.com\/fr\/wp-json\/wp\/v2\/product_brand?post=7159"},{"taxonomy":"product_cat","embeddable":true,"href":"https:\/\/donquiro.com\/fr\/wp-json\/wp\/v2\/product_cat?post=7159"},{"taxonomy":"product_tag","embeddable":true,"href":"https:\/\/donquiro.com\/fr\/wp-json\/wp\/v2\/product_tag?post=7159"}],"curies":[{"name":"wp","href":"https:\/\/api.w.org\/{rel}","templated":true}]}}