{"id":6806,"date":"2024-07-24T08:33:38","date_gmt":"2024-07-24T08:33:38","guid":{"rendered":"https:\/\/donquiro.com\/producto\/table-de-chiropratique-en-bois\/"},"modified":"2024-10-10T11:02:08","modified_gmt":"2024-10-10T11:02:08","slug":"table-de-chiropratique-en-bois","status":"publish","type":"product","link":"https:\/\/donquiro.com\/fr\/producto\/table-de-chiropratique-en-bois\/","title":{"rendered":"Kneechest banc"},"content":{"rendered":"<p>Banc sp\u00e9cialis\u00e9e pour les chiropracteurs qui permet l\u2019ajustement de la colonne vert\u00e9brale du patient dans la position du genou et de la t\u00eate.<\/p>\n<p>La Kneechest est r\u00e9alis\u00e9e en bois de bouleau 18 plis qui lui permet d\u2019avoir une structure de 30mm d\u2019\u00e9paisseur, pour sa durabilit\u00e9 elle est vernie au noyer torredur, le rembourrage est en mousse de densit\u00e9 50kg dans la zone inf\u00e9rieure et une densit\u00e9 de 30 kg dans la partie sup\u00e9rieure, ce qui signifie un total de 80 mm d\u2019\u00e9paisseur.<\/p>\n<p>Options de rev\u00eatement en tissu de coton couleur lierre ou en similicuir noir.<\/p>\n<p><strong>Caract\u00e9ristiques :<\/strong><\/p>\n<ul>\n<li>T\u00eate r\u00e9glable avec positionneur \u00e0 fente permettant un total de 11 positions de travail<\/li>\n<li>Roues arri\u00e8re pour le mouvement<\/li>\n<li>Pieds r\u00e9glables<\/li>\n<li>Charni\u00e8res en acier inoxydable<\/li>\n<li>Bande Velcro<\/li>\n<\/ul>\n<p><strong>Dimensions :<\/strong><\/p>\n<ul>\n<li>Longueur \u2013 1230mm<\/li>\n<li>Largeur des pieds \u2013 500mm<\/li>\n<li>Longueur de la t\u00eate \u2013 500mm<\/li>\n<li>Largeur de la t\u00eate \u2013 310mm<\/li>\n<li>Visage \u2013 310mm x 60 mm<\/li>\n<li>Hauteur minimale \u2013 630mm<\/li>\n<li>Hauteur maximale \u2013 750mm<\/li>\n<li>Dimensions pli\u00e9 &#8211; 1230mm x 500mm x 300mm<\/li>\n<\/ul>\n<p>Couleur de la tapisserie<\/p>\n<div class=\"wpview wpview-wrap\" data-wpview-text=\"%5Bvideo%20width%3D%221920%22%20height%3D%221080%22%20mp4%3D%22https%3A%2F%2Fdonquiro.com%2Fwp-content%2Fuploads%2F2024%2F07%2FCAMILLA-QUIROPRACTICA-MADERA-1.mp4%22%5D%5B%2Fvideo%5D\" data-wpview-type=\"video\" contenteditable=\"false\"><iframe frameborder=\"0\" allowtransparency=\"true\" scrolling=\"no\" class=\"wpview-sandbox\" style=\"width: 100%; display: block; height: 334.125px;\"><\/iframe><span class=\"mce-shim\"><\/span><span class=\"wpview-end\"><\/span><\/div>\n","protected":false},"excerpt":{"rendered":"<p>TVA et transport non inclus<\/p>\n","protected":false},"featured_media":6787,"comment_status":"open","ping_status":"closed","template":"","meta":[],"product_brand":[],"product_cat":[80],"product_tag":[],"class_list":{"0":"post-6806","1":"product","2":"type-product","3":"status-publish","4":"has-post-thumbnail","6":"product_cat-tables-fr","8":"first","9":"instock","10":"shipping-taxable","11":"purchasable","12":"product-type-simple"},"aioseo_notices":[],"_links":{"self":[{"href":"https:\/\/donquiro.com\/fr\/wp-json\/wp\/v2\/product\/6806","targetHints":{"allow":["GET"]}}],"collection":[{"href":"https:\/\/donquiro.com\/fr\/wp-json\/wp\/v2\/product"}],"about":[{"href":"https:\/\/donquiro.com\/fr\/wp-json\/wp\/v2\/types\/product"}],"replies":[{"embeddable":true,"href":"https:\/\/donquiro.com\/fr\/wp-json\/wp\/v2\/comments?post=6806"}],"wp:featuredmedia":[{"embeddable":true,"href":"https:\/\/donquiro.com\/fr\/wp-json\/wp\/v2\/media\/6787"}],"wp:attachment":[{"href":"https:\/\/donquiro.com\/fr\/wp-json\/wp\/v2\/media?parent=6806"}],"wp:term":[{"taxonomy":"product_brand","embeddable":true,"href":"https:\/\/donquiro.com\/fr\/wp-json\/wp\/v2\/product_brand?post=6806"},{"taxonomy":"product_cat","embeddable":true,"href":"https:\/\/donquiro.com\/fr\/wp-json\/wp\/v2\/product_cat?post=6806"},{"taxonomy":"product_tag","embeddable":true,"href":"https:\/\/donquiro.com\/fr\/wp-json\/wp\/v2\/product_tag?post=6806"}],"curies":[{"name":"wp","href":"https:\/\/api.w.org\/{rel}","templated":true}]}}