{"id":4628,"date":"2021-07-09T08:31:21","date_gmt":"2021-07-09T08:31:21","guid":{"rendered":"https:\/\/donquiro.com\/producto\/gaine-dactivateur-modele-2\/"},"modified":"2023-01-22T20:47:49","modified_gmt":"2023-01-22T20:47:49","slug":"gaine-dactivateur-modele-2","status":"publish","type":"product","link":"https:\/\/donquiro.com\/fr\/producto\/gaine-dactivateur-modele-2\/","title":{"rendered":"Gaine d&rsquo;activateur mod\u00e8le 2"},"content":{"rendered":"<ul>\n<li>Gardez l&rsquo;activateur en s\u00e9curit\u00e9 pr\u00e8s de vous.<\/li>\n<li>Cuir v\u00e9ritable pour une housse pratique. Il est livr\u00e9 avec une boucle pour l&rsquo;accrocher \u00e0 votre ceinture.<\/li>\n<li>Cuir de premi\u00e8re qualit\u00e9.<\/li>\n<li>Design attrayant adapt\u00e9 aux hommes et aux femmes.<\/li>\n<\/ul>\n","protected":false},"excerpt":{"rendered":"<p>TVA et frais de port ne sont pas inclus<\/p>\n","protected":false},"featured_media":4618,"comment_status":"open","ping_status":"closed","template":"","meta":[],"product_brand":[],"product_cat":[83],"product_tag":[],"class_list":{"0":"post-4628","1":"product","2":"type-product","3":"status-publish","4":"has-post-thumbnail","6":"product_cat-accessories-fr","8":"first","9":"instock","10":"shipping-taxable","11":"purchasable","12":"product-type-simple"},"aioseo_notices":[],"_links":{"self":[{"href":"https:\/\/donquiro.com\/fr\/wp-json\/wp\/v2\/product\/4628","targetHints":{"allow":["GET"]}}],"collection":[{"href":"https:\/\/donquiro.com\/fr\/wp-json\/wp\/v2\/product"}],"about":[{"href":"https:\/\/donquiro.com\/fr\/wp-json\/wp\/v2\/types\/product"}],"replies":[{"embeddable":true,"href":"https:\/\/donquiro.com\/fr\/wp-json\/wp\/v2\/comments?post=4628"}],"wp:featuredmedia":[{"embeddable":true,"href":"https:\/\/donquiro.com\/fr\/wp-json\/wp\/v2\/media\/4618"}],"wp:attachment":[{"href":"https:\/\/donquiro.com\/fr\/wp-json\/wp\/v2\/media?parent=4628"}],"wp:term":[{"taxonomy":"product_brand","embeddable":true,"href":"https:\/\/donquiro.com\/fr\/wp-json\/wp\/v2\/product_brand?post=4628"},{"taxonomy":"product_cat","embeddable":true,"href":"https:\/\/donquiro.com\/fr\/wp-json\/wp\/v2\/product_cat?post=4628"},{"taxonomy":"product_tag","embeddable":true,"href":"https:\/\/donquiro.com\/fr\/wp-json\/wp\/v2\/product_tag?post=4628"}],"curies":[{"name":"wp","href":"https:\/\/api.w.org\/{rel}","templated":true}]}}