{"id":3004,"date":"2024-04-15T12:06:47","date_gmt":"2020-02-27T12:06:47","guid":{"rendered":"https:\/\/donquiro.com\/product\/table-elevatrice-occipital-lift-modele-2\/"},"modified":"2025-05-30T08:21:06","modified_gmt":"2025-05-30T08:21:06","slug":"table-elevatrice-occipital-lift-modele-2","status":"publish","type":"product","link":"https:\/\/donquiro.com\/fr\/producto\/table-elevatrice-occipital-lift-modele-2\/","title":{"rendered":"Table \u00e9l\u00e8vatrice occipital lift &#8211; mod\u00e8le 2"},"content":{"rendered":"<p>Table con\u00e7ue avec drops lombaire et cervical.<\/p>\n<p>L&rsquo;usage du drop permet l&rsquo;ajustement direct des articulations vert\u00e9brales, selon le crit\u00e8re de chaque th\u00e9rapeute.<\/p>\n<p>Caract\u00e9ristiques :<\/p>\n<ul>\n<li>T\u00eate basculante<\/li>\n<li>Repose-pieds extensible<\/li>\n<li>Hauteur minimale 56 cm, hauteur maximale 98 cm<\/li>\n<li>Longueur : 180 cm<\/li>\n<li>Largeur : 55 cm<\/li>\n<li>Poids : 75 Kg<\/li>\n<li>Structure en acier au carbone et thermo-laquage avec peinture \u00e9poxy<\/li>\n<li>Couleurs du tissu (voir tableau des couleurs)<\/li>\n<li>\u00c9l\u00e9vation (r\u00e9glable \u00e9lectriquement par p\u00e9dale)<\/li>\n<\/ul>\n","protected":false},"excerpt":{"rendered":"<p>TVA et transport non inclus<\/p>\n","protected":false},"featured_media":4404,"comment_status":"open","ping_status":"closed","template":"","meta":[],"product_brand":[],"product_cat":[80],"product_tag":[],"class_list":{"0":"post-3004","1":"product","2":"type-product","3":"status-publish","4":"has-post-thumbnail","6":"product_cat-tables-fr","8":"first","9":"instock","10":"shipping-taxable","11":"purchasable","12":"product-type-variable"},"aioseo_notices":[],"_links":{"self":[{"href":"https:\/\/donquiro.com\/fr\/wp-json\/wp\/v2\/product\/3004","targetHints":{"allow":["GET"]}}],"collection":[{"href":"https:\/\/donquiro.com\/fr\/wp-json\/wp\/v2\/product"}],"about":[{"href":"https:\/\/donquiro.com\/fr\/wp-json\/wp\/v2\/types\/product"}],"replies":[{"embeddable":true,"href":"https:\/\/donquiro.com\/fr\/wp-json\/wp\/v2\/comments?post=3004"}],"wp:featuredmedia":[{"embeddable":true,"href":"https:\/\/donquiro.com\/fr\/wp-json\/wp\/v2\/media\/4404"}],"wp:attachment":[{"href":"https:\/\/donquiro.com\/fr\/wp-json\/wp\/v2\/media?parent=3004"}],"wp:term":[{"taxonomy":"product_brand","embeddable":true,"href":"https:\/\/donquiro.com\/fr\/wp-json\/wp\/v2\/product_brand?post=3004"},{"taxonomy":"product_cat","embeddable":true,"href":"https:\/\/donquiro.com\/fr\/wp-json\/wp\/v2\/product_cat?post=3004"},{"taxonomy":"product_tag","embeddable":true,"href":"https:\/\/donquiro.com\/fr\/wp-json\/wp\/v2\/product_tag?post=3004"}],"curies":[{"name":"wp","href":"https:\/\/api.w.org\/{rel}","templated":true}]}}