{"id":2609,"date":"2019-09-12T06:42:06","date_gmt":"2019-09-12T06:42:06","guid":{"rendered":"https:\/\/donquiro.com\/product\/simulateur-hernie-discale\/"},"modified":"2020-04-28T07:25:24","modified_gmt":"2020-04-28T07:25:24","slug":"simulateur-hernie-discale","status":"publish","type":"product","link":"https:\/\/donquiro.com\/fr\/producto\/simulateur-hernie-discale\/","title":{"rendered":"Simulateur Hernie Discale"},"content":{"rendered":"<p>Il s\u2019agit d\u2019un mod\u00e8le innovant et interactif qui montre le m\u00e9canisme de l\u00e9sion d\u2019une hernie discale. Il est compos\u00e9 de deux vert\u00e8bres et d\u2019un disque intervert\u00e9bral \u00e9lastique, de la moelle \u00e9pini\u00e8re et des nerfs.<\/p>\n<p>Le simulateur reproduit le prolapsus du disque intervert\u00e9bral en pliant la vert\u00e8bre comme dans la vie r\u00e9elle en inclinant ou en tordant le tronc.<\/p>\n","protected":false},"excerpt":{"rendered":"<p>TVA et frais de port ne sont pas inclus<\/p>\n","protected":false},"featured_media":3935,"comment_status":"open","ping_status":"closed","template":"","meta":[],"product_brand":[],"product_cat":[83],"product_tag":[],"class_list":{"0":"post-2609","1":"product","2":"type-product","3":"status-publish","4":"has-post-thumbnail","6":"product_cat-accessories-fr","8":"first","9":"instock","10":"shipping-taxable","11":"purchasable","12":"product-type-simple"},"aioseo_notices":[],"_links":{"self":[{"href":"https:\/\/donquiro.com\/fr\/wp-json\/wp\/v2\/product\/2609","targetHints":{"allow":["GET"]}}],"collection":[{"href":"https:\/\/donquiro.com\/fr\/wp-json\/wp\/v2\/product"}],"about":[{"href":"https:\/\/donquiro.com\/fr\/wp-json\/wp\/v2\/types\/product"}],"replies":[{"embeddable":true,"href":"https:\/\/donquiro.com\/fr\/wp-json\/wp\/v2\/comments?post=2609"}],"wp:featuredmedia":[{"embeddable":true,"href":"https:\/\/donquiro.com\/fr\/wp-json\/wp\/v2\/media\/3935"}],"wp:attachment":[{"href":"https:\/\/donquiro.com\/fr\/wp-json\/wp\/v2\/media?parent=2609"}],"wp:term":[{"taxonomy":"product_brand","embeddable":true,"href":"https:\/\/donquiro.com\/fr\/wp-json\/wp\/v2\/product_brand?post=2609"},{"taxonomy":"product_cat","embeddable":true,"href":"https:\/\/donquiro.com\/fr\/wp-json\/wp\/v2\/product_cat?post=2609"},{"taxonomy":"product_tag","embeddable":true,"href":"https:\/\/donquiro.com\/fr\/wp-json\/wp\/v2\/product_tag?post=2609"}],"curies":[{"name":"wp","href":"https:\/\/api.w.org\/{rel}","templated":true}]}}