{"id":2432,"date":"2019-06-11T08:23:51","date_gmt":"2019-06-11T08:23:51","guid":{"rendered":"https:\/\/donquiro.com\/product\/bracelets-i-love-chiropractic\/"},"modified":"2025-06-02T14:34:31","modified_gmt":"2025-06-02T14:34:31","slug":"bracelets-i-love-chiropractic","status":"publish","type":"product","link":"https:\/\/donquiro.com\/fr\/producto\/bracelets-i-love-chiropractic\/","title":{"rendered":"Bracelets I Love Chiropractic"},"content":{"rendered":"<ul>\n<li>Disponible en 6 couleurs : Noir, Rouge, Vert, Bleu Ciel, Bleu Marin et Aigue-Marine.<\/li>\n<li>Nous disposons de deux tailles pour homme et femme.<\/li>\n<li>En fonction de la disponibilit\u00e9, nous pourrons vous envoyer la couleur souhait\u00e9e jusqu&rsquo;\u00e0 la fin de stock et de taille. Nous vous remercions pour votre bonne compr\u00e9hension.<\/li>\n<\/ul>\n","protected":false},"excerpt":{"rendered":"<p>Disponible en 6 couleurs : Noir, Rouge, Vert, Bleu Ciel, Bleu Marin et Aigue-Marine. Nous disposons de deux tailles pour homme et femme. En fonction de la disponibilit\u00e9, nous pourrons vous envoyer la couleur souhait\u00e9e jusqu&rsquo;\u00e0 la fin de stock et de taille. Nous vous remercions pour votre bonne compr\u00e9hension.<\/p>\n","protected":false},"featured_media":3917,"comment_status":"open","ping_status":"closed","template":"","meta":[],"product_brand":[],"product_cat":[83],"product_tag":[],"class_list":{"0":"post-2432","1":"product","2":"type-product","3":"status-publish","4":"has-post-thumbnail","6":"product_cat-accessories-fr","8":"first","9":"instock","10":"shipping-taxable","11":"purchasable","12":"product-type-variable"},"aioseo_notices":[],"_links":{"self":[{"href":"https:\/\/donquiro.com\/fr\/wp-json\/wp\/v2\/product\/2432","targetHints":{"allow":["GET"]}}],"collection":[{"href":"https:\/\/donquiro.com\/fr\/wp-json\/wp\/v2\/product"}],"about":[{"href":"https:\/\/donquiro.com\/fr\/wp-json\/wp\/v2\/types\/product"}],"replies":[{"embeddable":true,"href":"https:\/\/donquiro.com\/fr\/wp-json\/wp\/v2\/comments?post=2432"}],"wp:featuredmedia":[{"embeddable":true,"href":"https:\/\/donquiro.com\/fr\/wp-json\/wp\/v2\/media\/3917"}],"wp:attachment":[{"href":"https:\/\/donquiro.com\/fr\/wp-json\/wp\/v2\/media?parent=2432"}],"wp:term":[{"taxonomy":"product_brand","embeddable":true,"href":"https:\/\/donquiro.com\/fr\/wp-json\/wp\/v2\/product_brand?post=2432"},{"taxonomy":"product_cat","embeddable":true,"href":"https:\/\/donquiro.com\/fr\/wp-json\/wp\/v2\/product_cat?post=2432"},{"taxonomy":"product_tag","embeddable":true,"href":"https:\/\/donquiro.com\/fr\/wp-json\/wp\/v2\/product_tag?post=2432"}],"curies":[{"name":"wp","href":"https:\/\/api.w.org\/{rel}","templated":true}]}}