{"id":2416,"date":"2019-06-11T07:25:52","date_gmt":"2019-06-11T07:25:52","guid":{"rendered":"https:\/\/donquiro.com\/product\/jeu-de-blocs-technique-dejarnette-tso-pour-des-enfants\/"},"modified":"2019-11-20T11:34:17","modified_gmt":"2019-11-20T11:34:17","slug":"jeu-de-blocs-technique-dejarnette-tso-pour-des-enfants","status":"publish","type":"product","link":"https:\/\/donquiro.com\/fr\/producto\/jeu-de-blocs-technique-dejarnette-tso-pour-des-enfants\/","title":{"rendered":"Jeu de blocs \u2013 Technique Dejarnette (TSO) pour des enfants"},"content":{"rendered":"<p>Ce syst\u00e8me, par deux blocs en forme d\u2019une cale, g\u00e9n\u00e8re un levier qui permet de manipuler au patient avec l\u2019aide de son propre poids.<\/p>\n<p>Ce syst\u00e8me traite de mani\u00e8re simultan\u00e9e la torsion du pelvis, le dysfonctionnement vert\u00e9bral, la torsion ligamenteuse et membraneuse, et influe dans les possibles implications du rachis, cr\u00e2niennes, faciales et visc\u00e9rales.<\/p>\n<p>Caract\u00e9ristiques :<\/p>\n<ul>\n<li>Structure en bois<\/li>\n<li>Recouvert en polycuir (voir tableau des couleurs)<\/li>\n<li>Anses pour l\u2019extraction<\/li>\n<li>Mesures 20 x 10 x 6 cm<\/li>\n<li>Disponibilit\u00e9 uniquement en couleur noire<\/li>\n<\/ul>\n","protected":false},"excerpt":{"rendered":"<p>TVA et frais de port ne sont pas inclus<\/p>\n","protected":false},"featured_media":3988,"comment_status":"open","ping_status":"closed","template":"","meta":[],"product_brand":[],"product_cat":[83],"product_tag":[],"class_list":{"0":"post-2416","1":"product","2":"type-product","3":"status-publish","4":"has-post-thumbnail","6":"product_cat-accessories-fr","8":"first","9":"instock","10":"shipping-taxable","11":"purchasable","12":"product-type-simple"},"aioseo_notices":[],"_links":{"self":[{"href":"https:\/\/donquiro.com\/fr\/wp-json\/wp\/v2\/product\/2416","targetHints":{"allow":["GET"]}}],"collection":[{"href":"https:\/\/donquiro.com\/fr\/wp-json\/wp\/v2\/product"}],"about":[{"href":"https:\/\/donquiro.com\/fr\/wp-json\/wp\/v2\/types\/product"}],"replies":[{"embeddable":true,"href":"https:\/\/donquiro.com\/fr\/wp-json\/wp\/v2\/comments?post=2416"}],"wp:featuredmedia":[{"embeddable":true,"href":"https:\/\/donquiro.com\/fr\/wp-json\/wp\/v2\/media\/3988"}],"wp:attachment":[{"href":"https:\/\/donquiro.com\/fr\/wp-json\/wp\/v2\/media?parent=2416"}],"wp:term":[{"taxonomy":"product_brand","embeddable":true,"href":"https:\/\/donquiro.com\/fr\/wp-json\/wp\/v2\/product_brand?post=2416"},{"taxonomy":"product_cat","embeddable":true,"href":"https:\/\/donquiro.com\/fr\/wp-json\/wp\/v2\/product_cat?post=2416"},{"taxonomy":"product_tag","embeddable":true,"href":"https:\/\/donquiro.com\/fr\/wp-json\/wp\/v2\/product_tag?post=2416"}],"curies":[{"name":"wp","href":"https:\/\/api.w.org\/{rel}","templated":true}]}}