{"id":1510,"date":"2024-04-15T16:48:05","date_gmt":"2019-02-04T17:48:05","guid":{"rendered":"https:\/\/donquiro.com\/product\/table-de-physiotherapie-et-osteopathie-modele-2\/"},"modified":"2025-05-22T14:15:48","modified_gmt":"2025-05-22T14:15:48","slug":"table-de-physiotherapie-et-osteopathie-modele-2","status":"publish","type":"product","link":"https:\/\/donquiro.com\/fr\/producto\/table-de-physiotherapie-et-osteopathie-modele-2\/","title":{"rendered":"Table de Physioth\u00e9rapie et Ost\u00e9opathie &#8211; Mod\u00e8le 2"},"content":{"rendered":"<p><span class=\"tlid-translation translation\"><span class=\"\" title=\"\">Civi\u00e8re con\u00e7ue pour la physioth\u00e9rapie et l&rsquo;ost\u00e9opathie.<\/span><\/span><\/p>\n<p><span class=\"\" title=\"\">Caract\u00e9ristiques:<\/span><\/p>\n<ul>\n<li><span class=\"tlid-translation translation\"><span class=\"\" title=\"\">Dossier pliant<\/span><\/span><\/li>\n<li><span class=\"tlid-translation translation\"><span title=\"\">Extension du repose-pieds<\/span><\/span><\/li>\n<li><span class=\"tlid-translation translation\"><span title=\"\">Longueur: 190 cm jusqu&rsquo;\u00e0 210 cm<\/span><\/span><\/li>\n<li><span class=\"tlid-translation translation\"><span title=\"\">Largeur: 60 cm<\/span><\/span><\/li>\n<li><span class=\"tlid-translation translation\"><span title=\"\">Poids: 70 kg<\/span><\/span><\/li>\n<li><span class=\"tlid-translation translation\"><span title=\"\">Hauteur minimum 55cm et maximum 80cm<\/span><\/span><\/li>\n<li><span class=\"tlid-translation translation\"><span title=\"\">Ascenseur \u00e0 r\u00e9glage \u00e9lectrique avec p\u00e9dale<\/span><\/span><\/li>\n<li><span class=\"tlid-translation translation\"><span title=\"\">Couleur rembourr\u00e9e (voir nuancier)<\/span><\/span><\/li>\n<li><span class=\"tlid-translation translation\"><span title=\"\">Structure en acier au carbone thermolaqu\u00e9 avec peinture \u00e9poxy<\/span><\/span><\/li>\n<\/ul>\n","protected":false},"excerpt":{"rendered":"<p>TVA et transport non inclus<\/p>\n","protected":false},"featured_media":4228,"comment_status":"open","ping_status":"closed","template":"","meta":[],"product_brand":[],"product_cat":[80],"product_tag":[],"class_list":{"0":"post-1510","1":"product","2":"type-product","3":"status-publish","4":"has-post-thumbnail","6":"product_cat-tables-fr","8":"first","9":"instock","10":"shipping-taxable","11":"purchasable","12":"product-type-variable"},"aioseo_notices":[],"_links":{"self":[{"href":"https:\/\/donquiro.com\/fr\/wp-json\/wp\/v2\/product\/1510","targetHints":{"allow":["GET"]}}],"collection":[{"href":"https:\/\/donquiro.com\/fr\/wp-json\/wp\/v2\/product"}],"about":[{"href":"https:\/\/donquiro.com\/fr\/wp-json\/wp\/v2\/types\/product"}],"replies":[{"embeddable":true,"href":"https:\/\/donquiro.com\/fr\/wp-json\/wp\/v2\/comments?post=1510"}],"wp:featuredmedia":[{"embeddable":true,"href":"https:\/\/donquiro.com\/fr\/wp-json\/wp\/v2\/media\/4228"}],"wp:attachment":[{"href":"https:\/\/donquiro.com\/fr\/wp-json\/wp\/v2\/media?parent=1510"}],"wp:term":[{"taxonomy":"product_brand","embeddable":true,"href":"https:\/\/donquiro.com\/fr\/wp-json\/wp\/v2\/product_brand?post=1510"},{"taxonomy":"product_cat","embeddable":true,"href":"https:\/\/donquiro.com\/fr\/wp-json\/wp\/v2\/product_cat?post=1510"},{"taxonomy":"product_tag","embeddable":true,"href":"https:\/\/donquiro.com\/fr\/wp-json\/wp\/v2\/product_tag?post=1510"}],"curies":[{"name":"wp","href":"https:\/\/api.w.org\/{rel}","templated":true}]}}