{"id":1209,"date":"2019-01-25T15:50:38","date_gmt":"2019-01-25T15:50:38","guid":{"rendered":"https:\/\/donquiro.com\/product\/table-elevatrice-modele-activateur\/"},"modified":"2025-05-22T15:13:49","modified_gmt":"2025-05-22T15:13:49","slug":"table-elevatrice-modele-activateur","status":"publish","type":"product","link":"https:\/\/donquiro.com\/fr\/producto\/table-elevatrice-modele-activateur\/","title":{"rendered":"Table \u00e9l\u00e9vatrice &#8211; Mod\u00e9le activateur"},"content":{"rendered":"<p>Table cr\u00e9\u00e9e\u00a0pour la m\u00e9thode d&rsquo;activation.<\/p>\n<p>Caract\u00e9ristiques :<\/p>\n<ul>\n<li>Hauteur (Minimale 55 cm Maximale 80 cm)<\/li>\n<li>Longueur 200 cm<\/li>\n<li>Longueur de la rainure 100 cm<\/li>\n<li>Largeur 70 cm<\/li>\n<li>Poids 70 Kg<\/li>\n<li>Structure en acier au carbone et thermo-laquage avec peinture \u00e9poxy<\/li>\n<li>Couleurs du tissu (voir tableau des couleurs)<\/li>\n<\/ul>\n","protected":false},"excerpt":{"rendered":"<p>TVA et transport non inclus<\/p>\n","protected":false},"featured_media":4261,"comment_status":"open","ping_status":"closed","template":"","meta":[],"product_brand":[],"product_cat":[80],"product_tag":[],"class_list":{"0":"post-1209","1":"product","2":"type-product","3":"status-publish","4":"has-post-thumbnail","6":"product_cat-tables-fr","8":"first","9":"instock","10":"shipping-taxable","11":"purchasable","12":"product-type-variable"},"aioseo_notices":[],"_links":{"self":[{"href":"https:\/\/donquiro.com\/fr\/wp-json\/wp\/v2\/product\/1209","targetHints":{"allow":["GET"]}}],"collection":[{"href":"https:\/\/donquiro.com\/fr\/wp-json\/wp\/v2\/product"}],"about":[{"href":"https:\/\/donquiro.com\/fr\/wp-json\/wp\/v2\/types\/product"}],"replies":[{"embeddable":true,"href":"https:\/\/donquiro.com\/fr\/wp-json\/wp\/v2\/comments?post=1209"}],"wp:featuredmedia":[{"embeddable":true,"href":"https:\/\/donquiro.com\/fr\/wp-json\/wp\/v2\/media\/4261"}],"wp:attachment":[{"href":"https:\/\/donquiro.com\/fr\/wp-json\/wp\/v2\/media?parent=1209"}],"wp:term":[{"taxonomy":"product_brand","embeddable":true,"href":"https:\/\/donquiro.com\/fr\/wp-json\/wp\/v2\/product_brand?post=1209"},{"taxonomy":"product_cat","embeddable":true,"href":"https:\/\/donquiro.com\/fr\/wp-json\/wp\/v2\/product_cat?post=1209"},{"taxonomy":"product_tag","embeddable":true,"href":"https:\/\/donquiro.com\/fr\/wp-json\/wp\/v2\/product_tag?post=1209"}],"curies":[{"name":"wp","href":"https:\/\/api.w.org\/{rel}","templated":true}]}}