{"id":1165,"date":"2019-01-25T09:34:37","date_gmt":"2019-01-25T09:34:37","guid":{"rendered":"https:\/\/donquiro.com\/product\/nettoyant-pour-le-tissu\/"},"modified":"2019-11-20T11:35:52","modified_gmt":"2019-11-20T11:35:52","slug":"nettoyant-pour-le-tissu","status":"publish","type":"product","link":"https:\/\/donquiro.com\/fr\/producto\/nettoyant-pour-le-tissu\/","title":{"rendered":"Nettoyant pour le tissu"},"content":{"rendered":"<p>Produit id\u00e9al pour le nettoyage du tissu de vos tables; elles sembleront neuves.<\/p>\n<p>Le produit a des composants d&rsquo;un grand pouvoir d\u00e9graissant, il n&rsquo;ab\u00eeme aucune surface, il est d&rsquo;action imm\u00e9diate et, car c&rsquo;est un produit naturel, la couleur peut changer.<\/p>\n","protected":false},"excerpt":{"rendered":"<p>TVA et frais de port ne sont pas inclus<\/p>\n","protected":false},"featured_media":4000,"comment_status":"open","ping_status":"closed","template":"","meta":[],"product_brand":[],"product_cat":[83],"product_tag":[],"class_list":{"0":"post-1165","1":"product","2":"type-product","3":"status-publish","4":"has-post-thumbnail","6":"product_cat-accessories-fr","8":"first","9":"instock","10":"shipping-taxable","11":"purchasable","12":"product-type-simple"},"aioseo_notices":[],"_links":{"self":[{"href":"https:\/\/donquiro.com\/fr\/wp-json\/wp\/v2\/product\/1165","targetHints":{"allow":["GET"]}}],"collection":[{"href":"https:\/\/donquiro.com\/fr\/wp-json\/wp\/v2\/product"}],"about":[{"href":"https:\/\/donquiro.com\/fr\/wp-json\/wp\/v2\/types\/product"}],"replies":[{"embeddable":true,"href":"https:\/\/donquiro.com\/fr\/wp-json\/wp\/v2\/comments?post=1165"}],"wp:featuredmedia":[{"embeddable":true,"href":"https:\/\/donquiro.com\/fr\/wp-json\/wp\/v2\/media\/4000"}],"wp:attachment":[{"href":"https:\/\/donquiro.com\/fr\/wp-json\/wp\/v2\/media?parent=1165"}],"wp:term":[{"taxonomy":"product_brand","embeddable":true,"href":"https:\/\/donquiro.com\/fr\/wp-json\/wp\/v2\/product_brand?post=1165"},{"taxonomy":"product_cat","embeddable":true,"href":"https:\/\/donquiro.com\/fr\/wp-json\/wp\/v2\/product_cat?post=1165"},{"taxonomy":"product_tag","embeddable":true,"href":"https:\/\/donquiro.com\/fr\/wp-json\/wp\/v2\/product_tag?post=1165"}],"curies":[{"name":"wp","href":"https:\/\/api.w.org\/{rel}","templated":true}]}}