{"id":1138,"date":"2019-01-25T09:06:34","date_gmt":"2019-01-25T09:06:34","guid":{"rendered":"https:\/\/donquiro.com\/product\/boite-de-papier-tetiere\/"},"modified":"2021-02-05T09:20:51","modified_gmt":"2021-02-05T09:20:51","slug":"boite-de-papier-tetiere","status":"publish","type":"product","link":"https:\/\/donquiro.com\/fr\/producto\/boite-de-papier-tetiere\/","title":{"rendered":"Bo\u00eete de papier t\u00eati\u00e8re"},"content":{"rendered":"<p>Bo\u00eete de papier t\u00eati\u00e8re de 24 rouleux.<\/p>\n<p>Des mesures:<\/p>\n<ul>\n<li>La taille:20cm<\/li>\n<li>Diam\u00e8tre:12,5cm<\/li>\n<\/ul>\n","protected":false},"excerpt":{"rendered":"<p>TVA et frais de port ne sont pas inclus<\/p>\n","protected":false},"featured_media":4061,"comment_status":"open","ping_status":"closed","template":"","meta":[],"product_brand":[],"product_cat":[83],"product_tag":[],"class_list":{"0":"post-1138","1":"product","2":"type-product","3":"status-publish","4":"has-post-thumbnail","6":"product_cat-accessories-fr","8":"first","9":"instock","10":"shipping-taxable","11":"purchasable","12":"product-type-simple"},"aioseo_notices":[],"_links":{"self":[{"href":"https:\/\/donquiro.com\/fr\/wp-json\/wp\/v2\/product\/1138","targetHints":{"allow":["GET"]}}],"collection":[{"href":"https:\/\/donquiro.com\/fr\/wp-json\/wp\/v2\/product"}],"about":[{"href":"https:\/\/donquiro.com\/fr\/wp-json\/wp\/v2\/types\/product"}],"replies":[{"embeddable":true,"href":"https:\/\/donquiro.com\/fr\/wp-json\/wp\/v2\/comments?post=1138"}],"wp:featuredmedia":[{"embeddable":true,"href":"https:\/\/donquiro.com\/fr\/wp-json\/wp\/v2\/media\/4061"}],"wp:attachment":[{"href":"https:\/\/donquiro.com\/fr\/wp-json\/wp\/v2\/media?parent=1138"}],"wp:term":[{"taxonomy":"product_brand","embeddable":true,"href":"https:\/\/donquiro.com\/fr\/wp-json\/wp\/v2\/product_brand?post=1138"},{"taxonomy":"product_cat","embeddable":true,"href":"https:\/\/donquiro.com\/fr\/wp-json\/wp\/v2\/product_cat?post=1138"},{"taxonomy":"product_tag","embeddable":true,"href":"https:\/\/donquiro.com\/fr\/wp-json\/wp\/v2\/product_tag?post=1138"}],"curies":[{"name":"wp","href":"https:\/\/api.w.org\/{rel}","templated":true}]}}