{"id":1117,"date":"2019-01-25T08:58:12","date_gmt":"2019-01-25T08:58:12","guid":{"rendered":"https:\/\/donquiro.com\/product\/degenerescence-des-vertebres-en-4-etapes\/"},"modified":"2024-09-13T10:53:10","modified_gmt":"2024-09-13T10:53:10","slug":"degenerescence-des-vertebres-en-4-etapes","status":"publish","type":"product","link":"https:\/\/donquiro.com\/fr\/producto\/degenerescence-des-vertebres-en-4-etapes\/","title":{"rendered":"D\u00e9g\u00e9n\u00e9rescence des vert\u00e8bres en 4 \u00e9tapes"},"content":{"rendered":"<ul>\n<li>Un mod\u00e8le de pr\u00e9sentation qui montre la d\u00e9g\u00e9n\u00e9rescence d&rsquo;os et de disque.<\/li>\n<li>Les paires vert\u00e9brales (L4, L5) montrent de gauche \u00e0 droite : un disque et un os normaux, le syndrome facettaire et un disque herni\u00e9, un disque comprim\u00e9 et le d\u00e9but d&rsquo;un ost\u00e9ophyte, un disque avec une d\u00e9g\u00e9n\u00e9rescence s\u00e9v\u00e8re et une perte de la densit\u00e9 osseuse.<\/li>\n<li>Con\u00e7u comme une aide pour l&rsquo;enseignement dans des cours d&rsquo;anatomie et physiologie.<\/li>\n<\/ul>\n","protected":false},"excerpt":{"rendered":"<p>TVA et frais de port ne sont pas inclus<\/p>\n<p>&nbsp;<\/p>\n","protected":false},"featured_media":4003,"comment_status":"open","ping_status":"closed","template":"","meta":[],"product_brand":[],"product_cat":[83],"product_tag":[],"class_list":{"0":"post-1117","1":"product","2":"type-product","3":"status-publish","4":"has-post-thumbnail","6":"product_cat-accessories-fr","8":"first","9":"instock","10":"shipping-taxable","11":"purchasable","12":"product-type-simple"},"aioseo_notices":[],"_links":{"self":[{"href":"https:\/\/donquiro.com\/fr\/wp-json\/wp\/v2\/product\/1117","targetHints":{"allow":["GET"]}}],"collection":[{"href":"https:\/\/donquiro.com\/fr\/wp-json\/wp\/v2\/product"}],"about":[{"href":"https:\/\/donquiro.com\/fr\/wp-json\/wp\/v2\/types\/product"}],"replies":[{"embeddable":true,"href":"https:\/\/donquiro.com\/fr\/wp-json\/wp\/v2\/comments?post=1117"}],"wp:featuredmedia":[{"embeddable":true,"href":"https:\/\/donquiro.com\/fr\/wp-json\/wp\/v2\/media\/4003"}],"wp:attachment":[{"href":"https:\/\/donquiro.com\/fr\/wp-json\/wp\/v2\/media?parent=1117"}],"wp:term":[{"taxonomy":"product_brand","embeddable":true,"href":"https:\/\/donquiro.com\/fr\/wp-json\/wp\/v2\/product_brand?post=1117"},{"taxonomy":"product_cat","embeddable":true,"href":"https:\/\/donquiro.com\/fr\/wp-json\/wp\/v2\/product_cat?post=1117"},{"taxonomy":"product_tag","embeddable":true,"href":"https:\/\/donquiro.com\/fr\/wp-json\/wp\/v2\/product_tag?post=1117"}],"curies":[{"name":"wp","href":"https:\/\/api.w.org\/{rel}","templated":true}]}}