{"id":1090,"date":"2019-01-25T08:49:55","date_gmt":"2019-01-25T08:49:55","guid":{"rendered":"https:\/\/donquiro.com\/product\/colonne-vertebrale-flexible\/"},"modified":"2019-11-20T11:36:45","modified_gmt":"2019-11-20T11:36:45","slug":"colonne-vertebrale-flexible","status":"publish","type":"product","link":"https:\/\/donquiro.com\/fr\/producto\/colonne-vertebrale-flexible\/","title":{"rendered":"Colonne vert\u00e9brale flexible"},"content":{"rendered":"<p>La colonne la plus vendue pour la communication avec le patient.<\/p>\n<ul>\n<li>Montage totalement flexible pour des d\u00e9monstrations explicites<\/li>\n<li>Bassin masculin<\/li>\n<li>Plaque occipitale<\/li>\n<li>Hernie discale entre 3\u00e8me et 4\u00e8me vert\u00e8bres lombaires<\/li>\n<li>Sortie des racines nerveuses<\/li>\n<li>Art\u00e8res vert\u00e9brales<\/li>\n<li>Hauteur : 71 cm<\/li>\n<li>Cette colonne vert\u00e9brale peut s&rsquo;utiliser pour \u00e9duquer vos patients d&rsquo;une mani\u00e8re simplifi\u00e9e<\/li>\n<li>Support (inclus)<\/li>\n<\/ul>\n","protected":false},"excerpt":{"rendered":"<p>TVA et frais de port ne sont pas inclus<\/p>\n","protected":false},"featured_media":4030,"comment_status":"open","ping_status":"closed","template":"","meta":[],"product_brand":[],"product_cat":[83],"product_tag":[],"class_list":{"0":"post-1090","1":"product","2":"type-product","3":"status-publish","4":"has-post-thumbnail","6":"product_cat-accessories-fr","8":"first","9":"instock","10":"shipping-taxable","11":"purchasable","12":"product-type-simple"},"aioseo_notices":[],"_links":{"self":[{"href":"https:\/\/donquiro.com\/fr\/wp-json\/wp\/v2\/product\/1090","targetHints":{"allow":["GET"]}}],"collection":[{"href":"https:\/\/donquiro.com\/fr\/wp-json\/wp\/v2\/product"}],"about":[{"href":"https:\/\/donquiro.com\/fr\/wp-json\/wp\/v2\/types\/product"}],"replies":[{"embeddable":true,"href":"https:\/\/donquiro.com\/fr\/wp-json\/wp\/v2\/comments?post=1090"}],"wp:featuredmedia":[{"embeddable":true,"href":"https:\/\/donquiro.com\/fr\/wp-json\/wp\/v2\/media\/4030"}],"wp:attachment":[{"href":"https:\/\/donquiro.com\/fr\/wp-json\/wp\/v2\/media?parent=1090"}],"wp:term":[{"taxonomy":"product_brand","embeddable":true,"href":"https:\/\/donquiro.com\/fr\/wp-json\/wp\/v2\/product_brand?post=1090"},{"taxonomy":"product_cat","embeddable":true,"href":"https:\/\/donquiro.com\/fr\/wp-json\/wp\/v2\/product_cat?post=1090"},{"taxonomy":"product_tag","embeddable":true,"href":"https:\/\/donquiro.com\/fr\/wp-json\/wp\/v2\/product_tag?post=1090"}],"curies":[{"name":"wp","href":"https:\/\/api.w.org\/{rel}","templated":true}]}}