{"id":1014,"date":"2019-01-24T17:54:16","date_gmt":"2019-01-24T17:54:16","guid":{"rendered":"https:\/\/donquiro.com\/product\/jeu-de-blocs-technique-dejarnette-tso\/"},"modified":"2024-07-22T20:57:56","modified_gmt":"2024-07-22T20:57:56","slug":"jeu-de-blocs-technique-dejarnette-tso","status":"publish","type":"product","link":"https:\/\/donquiro.com\/fr\/producto\/jeu-de-blocs-technique-dejarnette-tso\/","title":{"rendered":"Jeu de blocs &#8211; Technique Dejarnette (TSO)"},"content":{"rendered":"<p>Ce syst\u00e8me, par deux blocs en forme d&rsquo;une cale, g\u00e9n\u00e8re un levier qui permet de manipuler au patient avec l&rsquo;aide de son propre poids.<\/p>\n<p>Ce syst\u00e8me traite de mani\u00e8re simultan\u00e9e la torsion du pelvis, le dysfonctionnement vert\u00e9bral, la torsion ligamenteuse et membraneuse, et influe dans les possibles implications du rachis, cr\u00e2niennes, faciales et visc\u00e9rales.<\/p>\n<p>Caract\u00e9ristiques :<\/p>\n<ul>\n<li>Structure en bois<\/li>\n<li>Recouvert en polycuir (voir tableau des couleurs)<\/li>\n<li>Anses pour l&rsquo;extraction<\/li>\n<li>Mesures 20 x 10 x 10 cm<\/li>\n<\/ul>\n","protected":false},"excerpt":{"rendered":"<p>TVA et frais de port ne sont pas inclus<\/p>\n","protected":false},"featured_media":4086,"comment_status":"open","ping_status":"closed","template":"","meta":[],"product_brand":[],"product_cat":[83],"product_tag":[],"class_list":{"0":"post-1014","1":"product","2":"type-product","3":"status-publish","4":"has-post-thumbnail","6":"product_cat-accessories-fr","8":"first","9":"instock","10":"shipping-taxable","11":"purchasable","12":"product-type-variable"},"aioseo_notices":[],"_links":{"self":[{"href":"https:\/\/donquiro.com\/fr\/wp-json\/wp\/v2\/product\/1014","targetHints":{"allow":["GET"]}}],"collection":[{"href":"https:\/\/donquiro.com\/fr\/wp-json\/wp\/v2\/product"}],"about":[{"href":"https:\/\/donquiro.com\/fr\/wp-json\/wp\/v2\/types\/product"}],"replies":[{"embeddable":true,"href":"https:\/\/donquiro.com\/fr\/wp-json\/wp\/v2\/comments?post=1014"}],"wp:featuredmedia":[{"embeddable":true,"href":"https:\/\/donquiro.com\/fr\/wp-json\/wp\/v2\/media\/4086"}],"wp:attachment":[{"href":"https:\/\/donquiro.com\/fr\/wp-json\/wp\/v2\/media?parent=1014"}],"wp:term":[{"taxonomy":"product_brand","embeddable":true,"href":"https:\/\/donquiro.com\/fr\/wp-json\/wp\/v2\/product_brand?post=1014"},{"taxonomy":"product_cat","embeddable":true,"href":"https:\/\/donquiro.com\/fr\/wp-json\/wp\/v2\/product_cat?post=1014"},{"taxonomy":"product_tag","embeddable":true,"href":"https:\/\/donquiro.com\/fr\/wp-json\/wp\/v2\/product_tag?post=1014"}],"curies":[{"name":"wp","href":"https:\/\/api.w.org\/{rel}","templated":true}]}}