{"id":525,"date":"2019-01-24T09:43:36","date_gmt":"2019-01-24T09:43:36","guid":{"rendered":"https:\/\/donquiro.com\/?page_id=525"},"modified":"2019-01-24T09:49:15","modified_gmt":"2019-01-24T09:49:15","slug":"politique-de-confidentialite","status":"publish","type":"page","link":"https:\/\/donquiro.com\/fr\/politique-de-confidentialite\/","title":{"rendered":"Politique de confidentialit\u00e9"},"content":{"rendered":"<\/p>\n\n  <div class=\"banner has-hover has-parallax\" id=\"banner-940955902\">\n          <div class=\"banner-inner fill\">\n        <div class=\"banner-bg fill\" data-parallax=\"-2\" data-parallax-container=\".banner\" data-parallax-background>\n            <div class=\"bg fill bg-fill \"><\/div>\n                        <div class=\"overlay\"><\/div>            \n                    <\/div>\n        <div class=\"banner-layers container\">\n            <div class=\"fill banner-link\"><\/div>            \n   <div id=\"text-box-1736096586\" class=\"text-box banner-layer x50 md-x50 lg-x50 y50 md-y50 lg-y50 res-text\">\n                                <div class=\"text-box-content text dark\">\n              \n              <div class=\"text-inner text-center\">\n                  \n<h3 class=\"uppercase\"><strong>Politique de confidentialit\u00e9<\/strong><\/h3>\n<div class=\"is-divider divider clearfix\" ><\/div>\n              <\/div>\n           <\/div>\n                            \n<style>\n#text-box-1736096586 {\n  width: 60%;\n}\n#text-box-1736096586 .text-box-content {\n  font-size: 100%;\n}\n@media (min-width:550px) {\n  #text-box-1736096586 {\n    width: 68%;\n  }\n}\n<\/style>\n    <\/div>\n \n        <\/div>\n      <\/div>\n\n            \n<style>\n#banner-940955902 {\n  padding-top: 150px;\n}\n#banner-940955902 .bg.bg-loaded {\n  background-image: url(https:\/\/donquiro.com\/wp-content\/uploads\/2016\/08\/dummy-2.jpg);\n}\n#banner-940955902 .overlay {\n  background-color: rgba(0, 0, 0, 0.2);\n}\n<\/style>\n  <\/div>\n\n\n<div class=\"row\"  id=\"row-176201954\">\n\n\t<div id=\"col-1002694246\" class=\"col small-12 large-12\"  >\n\t\t<div class=\"col-inner\"  >\n\t\t\t\n\t\t\t\n<p class=\"lead\" style=\"text-align: justify;\">DonQuiro.com, en tant que propri\u00e9taire et gestionnaire du site Web que vous visitez, expose dans cette section la politique de confidentialit\u00e9 en vigueur et les informations personnelles que l&rsquo;utilisateur peut fournir lors de la visite ou de la navigation sur le site Web de notre propri\u00e9t\u00e9.<\/p>\n<p class=\"lead\" style=\"text-align: justify;\">Dans le traitement des donn\u00e9es personnelles, DonQuiro.com garantit le respect de la loi organique 15\/1999 du 13 d\u00e9cembre sur la protection des donn\u00e9es personnelles et de ses r\u00e8glements d&rsquo;application, d\u00e9cret royal 1720\/2007 du 21 d\u00e9cembre. D\u00e9cembre, par lequel son r\u00e8glement est approuv\u00e9, ainsi que LSSICE 34\/2002 du 11 juillet de la Soci\u00e9t\u00e9 de l&rsquo;information et du commerce \u00e9lectronique.<\/p>\n<p class=\"lead\" style=\"text-align: justify;\">DonQuiro.com se r\u00e9serve le droit de modifier la pr\u00e9sente politique de protection des donn\u00e9es \u00e0 tout moment, afin de l&rsquo;adapter aux nouvelles lois ou aux modifications apport\u00e9es \u00e0 ses activit\u00e9s, celle qui est publi\u00e9e \u00e0 tout moment sur notre site Web.<\/p>\n<h2 class=\"lead\" style=\"text-align: justify;\">QUALIT\u00c9 ET OBJET<\/h2>\n<p class=\"lead\" style=\"text-align: justify;\">En cliquant sur le bouton \u00ab\u00a0Soumettre\u00a0\u00bb (ou \u00e9quivalent) incorpor\u00e9 dans nos formulaires, l&rsquo;utilisateur d\u00e9clare que les informations et les donn\u00e9es qu&rsquo;il contient sont exactes et vraies. Pour que les informations fournies soient toujours \u00e0 jour et ne contiennent aucune erreur, l&rsquo;Utilisateur doit communiquer dans les plus brefs d\u00e9lais les modifications de ses donn\u00e9es personnelles qui pourraient survenir, ainsi que les rectifications de donn\u00e9es erron\u00e9es dans le cas o\u00f9 . L&rsquo;utilisateur garantit que les informations fournies sont v\u00e9ridiques, exactes, compl\u00e8tes et \u00e0 jour, et est responsable de tout dommage ou perte, directe ou indirecte, pouvant r\u00e9sulter d&rsquo;une violation de cette obligation. Selon le formulaire et \/ ou l&rsquo;adresse \u00e9lectronique auxquels vous avez acc\u00e8s, ou que vous envoyez, les informations que vous fournissez seront utilis\u00e9es aux fins d\u00e9crites ci-dessous. Vous acceptez donc leur traitement de mani\u00e8re expresse, libre et sans \u00e9quivoque, conform\u00e9ment aux objectifs suivants:<\/p>\n<ul class=\"lead\"style=\"text-align: justify;\">\n<li class=\"lead\">Celles qui sont particuli\u00e8rement indiqu\u00e9es dans chacune des pages o\u00f9 le formulaire d\u2019enregistrement \u00e9lectronique appara\u00eet.<\/li>\n<li class=\"lead\">En g\u00e9n\u00e9ral, pour r\u00e9pondre \u00e0 vos demandes, requ\u00eates, commentaires, commandes ou \u00e0 tout type de demande formul\u00e9e par l&rsquo;utilisateur via l&rsquo;un des formulaires de contact que nous mettons \u00e0 la disposition de nos utilisateurs, suiveurs ou lecteurs.<\/li>\n<li class=\"lead\">Pour vous informer des consultations, demandes, activit\u00e9s, produits, actualit\u00e9s et \/ ou services; via e-mail, fax, Whatsapp, Skype, t\u00e9l\u00e9phone fourni, communaut\u00e9s sociales (r\u00e9seaux sociaux), et \u00e9galement pour envoyer des communications commerciales par tout autre moyen \u00e9lectronique ou physique. Ces communications porteront toujours sur notre sujet, nos services, nos nouvelles ou nos promotions, ainsi que sur ceux que nous consid\u00e9rons d\u2019int\u00e9r\u00eat et qui peuvent \u00eatre offerts par des collaborateurs, des entreprises ou des partenaires avec lesquels nous avons des accords de promotion commerciale. Dans ce cas, nous garantissons que ces tiers n&rsquo;auront jamais acc\u00e8s \u00e0 vos donn\u00e9es personnelles. \u00c9tant en tout cas ces communications faites par DonQuiro.com, et toujours sur les produits et services li\u00e9s \u00e0 notre secteur.<\/li>\n<\/ul>\n<p class=\"lead\" style=\"text-align: justify;\">Ces m\u00eames informations peuvent vous \u00eatre propos\u00e9es ou envoy\u00e9es en suivant les profils de DonQuiro.com sur les r\u00e9seaux sociaux qui relient ce site Web. Ainsi, en devenant adh\u00e9rent, vous consentez express\u00e9ment au traitement de vos donn\u00e9es personnelles dans l\u2019environnement de ces r\u00e9seaux sociaux, en le respect des pr\u00e9sentes, ainsi que des conditions particuli\u00e8res et des politiques de confidentialit\u00e9 des m\u00eames. Si vous souhaitez ne plus recevoir ces informations ou que ces donn\u00e9es sont annul\u00e9es, vous pouvez vous d\u00e9sabonner en tant que suiveur de nos profils sur ces r\u00e9seaux. De plus, les abonn\u00e9s sur les r\u00e9seaux sociaux peuvent exercer les droits conf\u00e9r\u00e9s par la loi, bien que, puisque ces plateformes appartiennent \u00e0 des tiers, les r\u00e9ponses aux exercices de droits de DonQuiro.com seront limit\u00e9es par les fonctionnalit\u00e9s autoris\u00e9es par le r\u00e9seau. r\u00e9seau social en question, nous vous recommandons donc, avant de suivre nos profils sur les r\u00e9seaux sociaux, de revoir les conditions d&rsquo;utilisation et les politiques de confidentialit\u00e9 de ces r\u00e9seaux.<\/p>\n<h2 class=\"lead\" style=\"text-align: justify;\">BAS ABONNEMENT \u00c0 LA NEWSLETTER ET ENVOYER DES COMMUNICATIONS COMMERCIALES<\/h2>\n<p class=\"lead\" style=\"text-align: justify;\">Conform\u00e9ment \u00e0 la loi LSSI-CE 34\/2002 du 11 juillet sur la soci\u00e9t\u00e9 de l\u2019information et le commerce \u00e9lectronique, nous vous informons que vous pouvez r\u00e9voquer \u00e0 tout moment le consentement donn\u00e9 pour l\u2019envoi de communications commerciales ou pour causer une perte de qualit\u00e9. nos services d&rsquo;abonnement, simplement en envoyant un email en indiquant votre demande \u00e0: info@donquiro.com en indiquant: ABONNEMENT BAS DonQuiro.com.<\/p>\n<h2 class=\"lead\" style=\"text-align: justify;\">DONN\u00c9ES DE TIERS<\/h2>\n<p class=\"lead\" style=\"text-align: justify;\">Dans le cas o\u00f9 vous fournissez des donn\u00e9es personnelles de tiers, conform\u00e9ment aux dispositions de l&rsquo;article 5.4. LOPD, vous d\u00e9clarez avoir pr\u00e9alablement inform\u00e9 ces personnes, du contenu des donn\u00e9es fournies, de leur origine, de l&rsquo;existence et de la finalit\u00e9 du fichier o\u00f9 se trouvent leurs donn\u00e9es, des destinataires desdites informations, de la possibilit\u00e9 exercer les droits d&rsquo;acc\u00e8s, de rectification, d&rsquo;annulation ou d&rsquo;opposition, ainsi que les donn\u00e9es d&rsquo;identification de DonQuiro.com. En ce sens, il est de votre enti\u00e8re responsabilit\u00e9 d&rsquo;informer de cette circonstance les tiers dont vous allez c\u00e9der les donn\u00e9es, DonQuiro.com n&rsquo;assumant aucune responsabilit\u00e9 pour le non-respect de cette disposition par l&rsquo;utilisateur.<\/p>\n<h2 class=\"lead\" style=\"text-align: justify;\">EXERCICE DE DROITS<\/h2>\n<p class=\"lead\" style=\"text-align: justify;\">Le propri\u00e9taire des donn\u00e9es peut exercer ses droits d&rsquo;acc\u00e8s, de rectification, annulation et opposition en contactant DonQuiro.com: info@donquiro.com. Cette demande doit contenir les informations suivantes: nom et pr\u00e9nom, adresse de notification, photocopie de la pi\u00e8ce d&rsquo;identit\u00e9 ou du passeport.<\/p>\n<h2 class=\"lead\" style=\"text-align: justify;\">MESURE DE S\u00c9CURIT\u00c9<\/h2>\n<p class=\"lead\" style=\"text-align: justify;\">DonQuiro.com a adopt\u00e9 toutes les mesures techniques et organisationnelles n\u00e9cessaires pour garantir la s\u00e9curit\u00e9 et l&rsquo;int\u00e9grit\u00e9 des donn\u00e9es \u00e0 caract\u00e8re personnel qu&rsquo;elle traite, ainsi que pour emp\u00eacher leur perte, leur modification et \/ ou leur acc\u00e8s par des tiers non autoris\u00e9s. Nonobstant ce qui pr\u00e9c\u00e8de, l&rsquo;utilisateur reconna\u00eet et accepte que les mesures de s\u00e9curit\u00e9 sur Internet ne sont pas infranchissables.<\/p>\n\t\t<\/div>\n\t\t\t<\/div>\n\n\t\n<\/div>\n\t<section class=\"section dark\" id=\"section_1560326304\">\n\t\t<div class=\"bg section-bg fill bg-fill  bg-loaded\" >\n\n\t\t\t\n\t\t\t\n\t\t\t\n\n\t\t<\/div>\n\n\t\t<div class=\"section-content relative\">\n\t\t\t\r\n\r\n<div class=\"row\"  id=\"row-1694819433\">\r\n\r\n\n\t<div id=\"col-566378683\" class=\"col medium-4 small-12 large-4\"  >\n\t\t<div class=\"col-inner\"  >\n\t\t\t\n\t\t\t\r\n\r\n\n\t<a class=\"plain\" href=\"https:\/\/donquiro.com\/fr\/categorie-produit\/lits\/\"  >\t<div class=\"icon-box featured-box icon-box-center text-center\"  >\n\t\t\t\t\t<div class=\"icon-box-img\" style=\"width: 128px\">\n\t\t\t\t<div class=\"icon\">\n\t\t\t\t\t<div class=\"icon-inner\" >\n\t\t\t\t\t\t<img loading=\"lazy\" decoding=\"async\" width=\"128\" height=\"128\" src=\"https:\/\/donquiro.com\/wp-content\/uploads\/2019\/01\/icono-camillas.png\" class=\"attachment-medium size-medium\" alt=\"\" srcset=\"https:\/\/donquiro.com\/wp-content\/uploads\/2019\/01\/icono-camillas.png 128w, https:\/\/donquiro.com\/wp-content\/uploads\/2019\/01\/icono-camillas-100x100.png 100w\" sizes=\"auto, (max-width: 128px) 100vw, 128px\" \/>\t\t\t\t\t<\/div>\n\t\t\t\t<\/div>\n\t\t\t<\/div>\n\t\t\t\t<div class=\"icon-box-text last-reset\">\n\t\t\t\t\t\t\t\t\t\r\n\r\n<h3><a href=\"\/?product_cat=lits\">LITS<\/a><\/h3>\r\n\r\n\t\t<\/div>\n\t<\/div>\n\t<\/a>\n\t\r\n\r\n\t\t<\/div>\n\t\t\t<\/div>\n\n\t\r\n\n\t<div id=\"col-1728375186\" class=\"col medium-4 small-12 large-4\"  >\n\t\t<div class=\"col-inner\"  >\n\t\t\t\n\t\t\t\r\n\r\n\n\t<a class=\"plain\" href=\"https:\/\/donquiro.com\/fr\/categorie-produit\/complements-fr\/\"  >\t<div class=\"icon-box featured-box icon-box-center text-center\"  >\n\t\t\t\t\t<div class=\"icon-box-img\" style=\"width: 128px\">\n\t\t\t\t<div class=\"icon\">\n\t\t\t\t\t<div class=\"icon-inner\" >\n\t\t\t\t\t\t<img loading=\"lazy\" decoding=\"async\" width=\"128\" height=\"128\" src=\"https:\/\/donquiro.com\/wp-content\/uploads\/2019\/01\/icono-complementos.png\" class=\"attachment-medium size-medium\" alt=\"\" srcset=\"https:\/\/donquiro.com\/wp-content\/uploads\/2019\/01\/icono-complementos.png 128w, https:\/\/donquiro.com\/wp-content\/uploads\/2019\/01\/icono-complementos-100x100.png 100w\" sizes=\"auto, (max-width: 128px) 100vw, 128px\" \/>\t\t\t\t\t<\/div>\n\t\t\t\t<\/div>\n\t\t\t<\/div>\n\t\t\t\t<div class=\"icon-box-text last-reset\">\n\t\t\t\t\t\t\t\t\t\r\n\r\n<h3><a href=\"\/?product_cat=complements-fr\">COMPL\u00c9MENTS<\/a><\/h3>\r\n\r\n\t\t<\/div>\n\t<\/div>\n\t<\/a>\n\t\r\n\r\n\t\t<\/div>\n\t\t\t<\/div>\n\n\t\r\n\n\t<div id=\"col-400569431\" class=\"col medium-4 small-12 large-4\"  >\n\t\t<div class=\"col-inner\"  >\n\t\t\t\n\t\t\t\r\n\r\n\n\t<a class=\"plain\" href=\"https:\/\/donquiro.com\/fr\/contacter\/\"  >\t<div class=\"icon-box featured-box icon-box-center text-center\"  >\n\t\t\t\t\t<div class=\"icon-box-img\" style=\"width: 128px\">\n\t\t\t\t<div class=\"icon\">\n\t\t\t\t\t<div class=\"icon-inner\" >\n\t\t\t\t\t\t<img loading=\"lazy\" decoding=\"async\" width=\"120\" height=\"120\" src=\"https:\/\/donquiro.com\/wp-content\/uploads\/2019\/01\/icono-contacto.png\" class=\"attachment-medium size-medium\" alt=\"\" srcset=\"https:\/\/donquiro.com\/wp-content\/uploads\/2019\/01\/icono-contacto.png 120w, https:\/\/donquiro.com\/wp-content\/uploads\/2019\/01\/icono-contacto-100x100.png 100w\" sizes=\"auto, (max-width: 120px) 100vw, 120px\" \/>\t\t\t\t\t<\/div>\n\t\t\t\t<\/div>\n\t\t\t<\/div>\n\t\t\t\t<div class=\"icon-box-text last-reset\">\n\t\t\t\t\t\t\t\t\t\r\n\r\n<h3><a href=\"https:\/\/donquiro.com\/fr\/contacter\/\">CONTACTER<\/a><\/h3>\r\n\r\n\t\t<\/div>\n\t<\/div>\n\t<\/a>\n\t\r\n\r\n\t\t<\/div>\n\t\t\t<\/div>\n\n\t\r\n\r\n<\/div>\r\n\r\n\t\t<\/div>\n\n\t\t\n<style>\n#section_1560326304 {\n  padding-top: 30px;\n  padding-bottom: 30px;\n  background-color: rgb(37, 37, 37);\n}\n<\/style>\n\t<\/section>\n\t\n","protected":false},"excerpt":{"rendered":"","protected":false},"author":1,"featured_media":0,"parent":0,"menu_order":0,"comment_status":"closed","ping_status":"closed","template":"page-blank.php","meta":{"footnotes":""},"class_list":["post-525","page","type-page","status-publish","hentry"],"aioseo_notices":[],"_links":{"self":[{"href":"https:\/\/donquiro.com\/fr\/wp-json\/wp\/v2\/pages\/525","targetHints":{"allow":["GET"]}}],"collection":[{"href":"https:\/\/donquiro.com\/fr\/wp-json\/wp\/v2\/pages"}],"about":[{"href":"https:\/\/donquiro.com\/fr\/wp-json\/wp\/v2\/types\/page"}],"author":[{"embeddable":true,"href":"https:\/\/donquiro.com\/fr\/wp-json\/wp\/v2\/users\/1"}],"replies":[{"embeddable":true,"href":"https:\/\/donquiro.com\/fr\/wp-json\/wp\/v2\/comments?post=525"}],"version-history":[{"count":2,"href":"https:\/\/donquiro.com\/fr\/wp-json\/wp\/v2\/pages\/525\/revisions"}],"predecessor-version":[{"id":527,"href":"https:\/\/donquiro.com\/fr\/wp-json\/wp\/v2\/pages\/525\/revisions\/527"}],"wp:attachment":[{"href":"https:\/\/donquiro.com\/fr\/wp-json\/wp\/v2\/media?parent=525"}],"curies":[{"name":"wp","href":"https:\/\/api.w.org\/{rel}","templated":true}]}}