{"id":497,"date":"2019-01-24T08:52:53","date_gmt":"2019-01-24T08:52:53","guid":{"rendered":"https:\/\/donquiro.com\/?page_id=497"},"modified":"2019-01-24T08:54:06","modified_gmt":"2019-01-24T08:54:06","slug":"garantie","status":"publish","type":"page","link":"https:\/\/donquiro.com\/fr\/garantie\/","title":{"rendered":"Garantie"},"content":{"rendered":"<\/p>\n\n  <div class=\"banner has-hover has-parallax\" id=\"banner-2014343304\">\n          <div class=\"banner-inner fill\">\n        <div class=\"banner-bg fill\" data-parallax=\"-2\" data-parallax-container=\".banner\" data-parallax-background>\n            <div class=\"bg fill bg-fill \"><\/div>\n                        <div class=\"overlay\"><\/div>            \n                    <\/div>\n        <div class=\"banner-layers container\">\n            <div class=\"fill banner-link\"><\/div>            \n   <div id=\"text-box-1988496632\" class=\"text-box banner-layer x50 md-x50 lg-x50 y50 md-y50 lg-y50 res-text\">\n                                <div class=\"text-box-content text dark\">\n              \n              <div class=\"text-inner text-center\">\n                  \n<h3 class=\"uppercase\"><strong>Garantie<\/strong><\/h3>\n<div class=\"is-divider divider clearfix\" ><\/div>\n              <\/div>\n           <\/div>\n                            \n<style>\n#text-box-1988496632 {\n  width: 60%;\n}\n#text-box-1988496632 .text-box-content {\n  font-size: 100%;\n}\n@media (min-width:550px) {\n  #text-box-1988496632 {\n    width: 68%;\n  }\n}\n<\/style>\n    <\/div>\n \n        <\/div>\n      <\/div>\n\n            \n<style>\n#banner-2014343304 {\n  padding-top: 150px;\n}\n#banner-2014343304 .bg.bg-loaded {\n  background-image: url(https:\/\/donquiro.com\/wp-content\/uploads\/2016\/08\/dummy-2.jpg);\n}\n#banner-2014343304 .overlay {\n  background-color: rgba(0, 0, 0, 0.2);\n}\n<\/style>\n  <\/div>\n\n\n<div class=\"row\"  id=\"row-799728361\">\n\n\t<div id=\"col-184474780\" class=\"col small-12 large-12\"  >\n\t\t<div class=\"col-inner\"  >\n\t\t\t\n\t\t\t\n<p class=\"lead\" style=\"text-align: justify;\">Les produits DON QUIRO ont une garantie l\u00e9gale de 2 ans. Cette garantie couvre tout d\u00e9faut de fabrication.<\/p>\n<p class=\"lead\" style=\"text-align: justify;\">Le justificatif d&rsquo;achat de DON QUIRO aura l&rsquo;effet de certificat de garantie, c\u2019est pourquoi vous devrez le conserver. En cas de modifier ou de substituer certaines donn\u00e9es dans ce justificatif, il perdra sa valeur.<\/p>\n<p class=\"lead\" style=\"text-align: justify;\">Tout sujet relatif \u00e0 la garantie devra \u00eatre notifi\u00e9 \u00e0 l\u2019e-mail adresse <a href=\"mailto:info@donquiro.com\">info@donquiro.com<\/a><\/p>\n<p class=\"lead\" style=\"text-align: justify;\">Les d\u00e9fauts ou la d\u00e9t\u00e9rioration provoqu\u00e9e par un mauvais d\u00e9ballage (par exemple l\u2019utilisation d\u2019un cutter), un mauvais usage (par exemple des coups, une propret\u00e9 incorrecte), des manipulations indues ou par une usure naturelle du produit (le cas de la tapisserie) restent exclues de la garantie.<\/p>\n\t\t<\/div>\n\t\t\t<\/div>\n\n\t\n<\/div>\n\t<section class=\"section dark\" id=\"section_1353188260\">\n\t\t<div class=\"bg section-bg fill bg-fill  bg-loaded\" >\n\n\t\t\t\n\t\t\t\n\t\t\t\n\n\t\t<\/div>\n\n\t\t<div class=\"section-content relative\">\n\t\t\t\r\n\r\n<div class=\"row\"  id=\"row-735080226\">\r\n\r\n\n\t<div id=\"col-561416260\" class=\"col medium-4 small-12 large-4\"  >\n\t\t<div class=\"col-inner\"  >\n\t\t\t\n\t\t\t\r\n\r\n\n\t<a class=\"plain\" href=\"https:\/\/donquiro.com\/fr\/categorie-produit\/lits\/\"  >\t<div class=\"icon-box featured-box icon-box-center text-center\"  >\n\t\t\t\t\t<div class=\"icon-box-img\" style=\"width: 128px\">\n\t\t\t\t<div class=\"icon\">\n\t\t\t\t\t<div class=\"icon-inner\" >\n\t\t\t\t\t\t<img loading=\"lazy\" decoding=\"async\" width=\"128\" height=\"128\" src=\"https:\/\/donquiro.com\/wp-content\/uploads\/2019\/01\/icono-camillas.png\" class=\"attachment-medium size-medium\" alt=\"\" srcset=\"https:\/\/donquiro.com\/wp-content\/uploads\/2019\/01\/icono-camillas.png 128w, https:\/\/donquiro.com\/wp-content\/uploads\/2019\/01\/icono-camillas-100x100.png 100w\" sizes=\"auto, (max-width: 128px) 100vw, 128px\" \/>\t\t\t\t\t<\/div>\n\t\t\t\t<\/div>\n\t\t\t<\/div>\n\t\t\t\t<div class=\"icon-box-text last-reset\">\n\t\t\t\t\t\t\t\t\t\r\n\r\n<h3><a href=\"\/?product_cat=lits\">LITS<\/a><\/h3>\r\n\r\n\t\t<\/div>\n\t<\/div>\n\t<\/a>\n\t\r\n\r\n\t\t<\/div>\n\t\t\t<\/div>\n\n\t\r\n\n\t<div id=\"col-1186917219\" class=\"col medium-4 small-12 large-4\"  >\n\t\t<div class=\"col-inner\"  >\n\t\t\t\n\t\t\t\r\n\r\n\n\t<a class=\"plain\" href=\"https:\/\/donquiro.com\/fr\/categorie-produit\/complements-fr\/\"  >\t<div class=\"icon-box featured-box icon-box-center text-center\"  >\n\t\t\t\t\t<div class=\"icon-box-img\" style=\"width: 128px\">\n\t\t\t\t<div class=\"icon\">\n\t\t\t\t\t<div class=\"icon-inner\" >\n\t\t\t\t\t\t<img loading=\"lazy\" decoding=\"async\" width=\"128\" height=\"128\" src=\"https:\/\/donquiro.com\/wp-content\/uploads\/2019\/01\/icono-complementos.png\" class=\"attachment-medium size-medium\" alt=\"\" srcset=\"https:\/\/donquiro.com\/wp-content\/uploads\/2019\/01\/icono-complementos.png 128w, https:\/\/donquiro.com\/wp-content\/uploads\/2019\/01\/icono-complementos-100x100.png 100w\" sizes=\"auto, (max-width: 128px) 100vw, 128px\" \/>\t\t\t\t\t<\/div>\n\t\t\t\t<\/div>\n\t\t\t<\/div>\n\t\t\t\t<div class=\"icon-box-text last-reset\">\n\t\t\t\t\t\t\t\t\t\r\n\r\n<h3><a href=\"\/?product_cat=complements-fr\">COMPL\u00c9MENTS<\/a><\/h3>\r\n\r\n\t\t<\/div>\n\t<\/div>\n\t<\/a>\n\t\r\n\r\n\t\t<\/div>\n\t\t\t<\/div>\n\n\t\r\n\n\t<div id=\"col-2143662886\" class=\"col medium-4 small-12 large-4\"  >\n\t\t<div class=\"col-inner\"  >\n\t\t\t\n\t\t\t\r\n\r\n\n\t<a class=\"plain\" href=\"https:\/\/donquiro.com\/fr\/contacter\/\"  >\t<div class=\"icon-box featured-box icon-box-center text-center\"  >\n\t\t\t\t\t<div class=\"icon-box-img\" style=\"width: 128px\">\n\t\t\t\t<div class=\"icon\">\n\t\t\t\t\t<div class=\"icon-inner\" >\n\t\t\t\t\t\t<img loading=\"lazy\" decoding=\"async\" width=\"120\" height=\"120\" src=\"https:\/\/donquiro.com\/wp-content\/uploads\/2019\/01\/icono-contacto.png\" class=\"attachment-medium size-medium\" alt=\"\" srcset=\"https:\/\/donquiro.com\/wp-content\/uploads\/2019\/01\/icono-contacto.png 120w, https:\/\/donquiro.com\/wp-content\/uploads\/2019\/01\/icono-contacto-100x100.png 100w\" sizes=\"auto, (max-width: 120px) 100vw, 120px\" \/>\t\t\t\t\t<\/div>\n\t\t\t\t<\/div>\n\t\t\t<\/div>\n\t\t\t\t<div class=\"icon-box-text last-reset\">\n\t\t\t\t\t\t\t\t\t\r\n\r\n<h3><a href=\"https:\/\/donquiro.com\/fr\/contacter\/\">CONTACTER<\/a><\/h3>\r\n\r\n\t\t<\/div>\n\t<\/div>\n\t<\/a>\n\t\r\n\r\n\t\t<\/div>\n\t\t\t<\/div>\n\n\t\r\n\r\n<\/div>\r\n\r\n\t\t<\/div>\n\n\t\t\n<style>\n#section_1353188260 {\n  padding-top: 30px;\n  padding-bottom: 30px;\n  background-color: rgb(37, 37, 37);\n}\n<\/style>\n\t<\/section>\n\t\n","protected":false},"excerpt":{"rendered":"","protected":false},"author":1,"featured_media":0,"parent":0,"menu_order":0,"comment_status":"closed","ping_status":"closed","template":"page-blank.php","meta":{"footnotes":""},"class_list":["post-497","page","type-page","status-publish","hentry"],"aioseo_notices":[],"_links":{"self":[{"href":"https:\/\/donquiro.com\/fr\/wp-json\/wp\/v2\/pages\/497","targetHints":{"allow":["GET"]}}],"collection":[{"href":"https:\/\/donquiro.com\/fr\/wp-json\/wp\/v2\/pages"}],"about":[{"href":"https:\/\/donquiro.com\/fr\/wp-json\/wp\/v2\/types\/page"}],"author":[{"embeddable":true,"href":"https:\/\/donquiro.com\/fr\/wp-json\/wp\/v2\/users\/1"}],"replies":[{"embeddable":true,"href":"https:\/\/donquiro.com\/fr\/wp-json\/wp\/v2\/comments?post=497"}],"version-history":[{"count":2,"href":"https:\/\/donquiro.com\/fr\/wp-json\/wp\/v2\/pages\/497\/revisions"}],"predecessor-version":[{"id":499,"href":"https:\/\/donquiro.com\/fr\/wp-json\/wp\/v2\/pages\/497\/revisions\/499"}],"wp:attachment":[{"href":"https:\/\/donquiro.com\/fr\/wp-json\/wp\/v2\/media?parent=497"}],"curies":[{"name":"wp","href":"https:\/\/api.w.org\/{rel}","templated":true}]}}