{"id":467,"date":"2019-01-24T08:28:53","date_gmt":"2019-01-24T08:28:53","guid":{"rendered":"https:\/\/donquiro.com\/?page_id=467"},"modified":"2019-11-21T14:46:08","modified_gmt":"2019-11-21T14:46:08","slug":"methode-de-paiement","status":"publish","type":"page","link":"https:\/\/donquiro.com\/fr\/methode-de-paiement\/","title":{"rendered":"Methode de paiement"},"content":{"rendered":"\n  <div class=\"banner has-hover has-parallax\" id=\"banner-334351210\">\n          <div class=\"banner-inner fill\">\n        <div class=\"banner-bg fill\" data-parallax=\"-2\" data-parallax-container=\".banner\" data-parallax-background>\n            <div class=\"bg fill bg-fill \"><\/div>\n                        <div class=\"overlay\"><\/div>            \n                    <\/div>\n        <div class=\"banner-layers container\">\n            <div class=\"fill banner-link\"><\/div>            \n   <div id=\"text-box-971911817\" class=\"text-box banner-layer x50 md-x50 lg-x50 y50 md-y50 lg-y50 res-text\">\n                                <div class=\"text-box-content text dark\">\n              \n              <div class=\"text-inner text-center\">\n                  \n<h3 class=\"uppercase\"><strong>Methode de paiement<\/strong><\/h3>\n<div class=\"is-divider divider clearfix\" ><\/div>\n              <\/div>\n           <\/div>\n                            \n<style>\n#text-box-971911817 {\n  width: 60%;\n}\n#text-box-971911817 .text-box-content {\n  font-size: 100%;\n}\n@media (min-width:550px) {\n  #text-box-971911817 {\n    width: 68%;\n  }\n}\n<\/style>\n    <\/div>\n \n        <\/div>\n      <\/div>\n\n            \n<style>\n#banner-334351210 {\n  padding-top: 150px;\n}\n#banner-334351210 .bg.bg-loaded {\n  background-image: url(https:\/\/donquiro.com\/wp-content\/uploads\/2016\/08\/dummy-2.jpg);\n}\n#banner-334351210 .overlay {\n  background-color: rgba(0, 0, 0, 0.2);\n}\n<\/style>\n  <\/div>\n\n\n<div class=\"row\"  id=\"row-1837606963\">\n\n\t<div id=\"col-155632081\" class=\"col small-12 large-12\"  >\n\t\t<div class=\"col-inner\"  >\n\t\t\t\n\t\t\t\n<p><span style=\"font-size: 140%;\">Nous avons les modalit\u00e9s de paiement suivantes :<\/span><\/p>\n<p><strong>. Paiement anticip\u00e9 (versement ou virement bancaire sur compte) :<\/strong><\/p>\n<p>Lorsque vous demandez le devis, vous recevrez un e-mail avec le montant total ainsi que les coordonn\u00e9es bancaires de Don Quiro pour effectuer le virement ou le versement.<\/p>\n<p>Il est tr\u00e8s important, pour les virements ou les versements, que le champ EXP\u00c9DITEUR ou DONNEUR D&rsquo;ORDRE indique le nom du client final et que le CONCEPT indique le num\u00e9ro de commande, le num\u00e9ro de devis ou le num\u00e9ro de facture.<\/p>\n<p><strong>. Carte de cr\u00e9dit :<\/strong><\/p>\n<p>Cette modalit\u00e9 de paiement est s\u00e9curis\u00e9e via un terminal de point de vente prot\u00e9g\u00e9 par des connexions de s\u00e9curit\u00e9 SSL. Aucune donn\u00e9e de votre carte n&rsquo;est conserv\u00e9e sur nos serveurs.<\/p>\n\t\t<\/div>\n\t\t\t<\/div>\n\n\t\n<\/div>\n\t<section class=\"section dark\" id=\"section_97722207\">\n\t\t<div class=\"bg section-bg fill bg-fill  bg-loaded\" >\n\n\t\t\t\n\t\t\t\n\t\t\t\n\n\t\t<\/div>\n\n\t\t<div class=\"section-content relative\">\n\t\t\t\r\n\r\n<div class=\"row\"  id=\"row-993358349\">\r\n\r\n\n\t<div id=\"col-568742023\" class=\"col medium-4 small-12 large-4\"  >\n\t\t<div class=\"col-inner\"  >\n\t\t\t\n\t\t\t\r\n\r\n\n\t<a class=\"plain\" href=\"https:\/\/donquiro.com\/fr\/categorie-produit\/lits\/\"  >\t<div class=\"icon-box featured-box icon-box-center text-center\"  >\n\t\t\t\t\t<div class=\"icon-box-img\" style=\"width: 128px\">\n\t\t\t\t<div class=\"icon\">\n\t\t\t\t\t<div class=\"icon-inner\" >\n\t\t\t\t\t\t<img loading=\"lazy\" decoding=\"async\" width=\"128\" height=\"128\" src=\"https:\/\/donquiro.com\/wp-content\/uploads\/2019\/01\/icono-camillas.png\" class=\"attachment-medium size-medium\" alt=\"\" srcset=\"https:\/\/donquiro.com\/wp-content\/uploads\/2019\/01\/icono-camillas.png 128w, https:\/\/donquiro.com\/wp-content\/uploads\/2019\/01\/icono-camillas-100x100.png 100w\" sizes=\"auto, (max-width: 128px) 100vw, 128px\" \/>\t\t\t\t\t<\/div>\n\t\t\t\t<\/div>\n\t\t\t<\/div>\n\t\t\t\t<div class=\"icon-box-text last-reset\">\n\t\t\t\t\t\t\t\t\t\r\n\r\n<h3><a href=\"\/?product_cat=lits\">LITS<\/a><\/h3>\r\n\r\n\t\t<\/div>\n\t<\/div>\n\t<\/a>\n\t\r\n\r\n\t\t<\/div>\n\t\t\t<\/div>\n\n\t\r\n\n\t<div id=\"col-595712896\" class=\"col medium-4 small-12 large-4\"  >\n\t\t<div class=\"col-inner\"  >\n\t\t\t\n\t\t\t\r\n\r\n\n\t<a class=\"plain\" href=\"https:\/\/donquiro.com\/fr\/categorie-produit\/complements-fr\/\"  >\t<div class=\"icon-box featured-box icon-box-center text-center\"  >\n\t\t\t\t\t<div class=\"icon-box-img\" style=\"width: 128px\">\n\t\t\t\t<div class=\"icon\">\n\t\t\t\t\t<div class=\"icon-inner\" >\n\t\t\t\t\t\t<img loading=\"lazy\" decoding=\"async\" width=\"128\" height=\"128\" src=\"https:\/\/donquiro.com\/wp-content\/uploads\/2019\/01\/icono-complementos.png\" class=\"attachment-medium size-medium\" alt=\"\" srcset=\"https:\/\/donquiro.com\/wp-content\/uploads\/2019\/01\/icono-complementos.png 128w, https:\/\/donquiro.com\/wp-content\/uploads\/2019\/01\/icono-complementos-100x100.png 100w\" sizes=\"auto, (max-width: 128px) 100vw, 128px\" \/>\t\t\t\t\t<\/div>\n\t\t\t\t<\/div>\n\t\t\t<\/div>\n\t\t\t\t<div class=\"icon-box-text last-reset\">\n\t\t\t\t\t\t\t\t\t\r\n\r\n<h3><a href=\"\/?product_cat=complements-fr\">COMPL\u00c9MENTS<\/a><\/h3>\r\n\r\n\t\t<\/div>\n\t<\/div>\n\t<\/a>\n\t\r\n\r\n\t\t<\/div>\n\t\t\t<\/div>\n\n\t\r\n\n\t<div id=\"col-2137063765\" class=\"col medium-4 small-12 large-4\"  >\n\t\t<div class=\"col-inner\"  >\n\t\t\t\n\t\t\t\r\n\r\n\n\t<a class=\"plain\" href=\"https:\/\/donquiro.com\/fr\/contacter\/\"  >\t<div class=\"icon-box featured-box icon-box-center text-center\"  >\n\t\t\t\t\t<div class=\"icon-box-img\" style=\"width: 128px\">\n\t\t\t\t<div class=\"icon\">\n\t\t\t\t\t<div class=\"icon-inner\" >\n\t\t\t\t\t\t<img loading=\"lazy\" decoding=\"async\" width=\"120\" height=\"120\" src=\"https:\/\/donquiro.com\/wp-content\/uploads\/2019\/01\/icono-contacto.png\" class=\"attachment-medium size-medium\" alt=\"\" srcset=\"https:\/\/donquiro.com\/wp-content\/uploads\/2019\/01\/icono-contacto.png 120w, https:\/\/donquiro.com\/wp-content\/uploads\/2019\/01\/icono-contacto-100x100.png 100w\" sizes=\"auto, (max-width: 120px) 100vw, 120px\" \/>\t\t\t\t\t<\/div>\n\t\t\t\t<\/div>\n\t\t\t<\/div>\n\t\t\t\t<div class=\"icon-box-text last-reset\">\n\t\t\t\t\t\t\t\t\t\r\n\r\n<h3><a href=\"https:\/\/donquiro.com\/fr\/contacter\/\">CONTACTER<\/a><\/h3>\r\n\r\n\t\t<\/div>\n\t<\/div>\n\t<\/a>\n\t\r\n\r\n\t\t<\/div>\n\t\t\t<\/div>\n\n\t\r\n\r\n<\/div>\r\n\r\n\t\t<\/div>\n\n\t\t\n<style>\n#section_97722207 {\n  padding-top: 30px;\n  padding-bottom: 30px;\n  background-color: rgb(37, 37, 37);\n}\n<\/style>\n\t<\/section>\n\t\n","protected":false},"excerpt":{"rendered":"","protected":false},"author":1,"featured_media":0,"parent":0,"menu_order":0,"comment_status":"open","ping_status":"closed","template":"page-blank.php","meta":{"footnotes":""},"class_list":["post-467","page","type-page","status-publish","hentry"],"aioseo_notices":[],"_links":{"self":[{"href":"https:\/\/donquiro.com\/fr\/wp-json\/wp\/v2\/pages\/467","targetHints":{"allow":["GET"]}}],"collection":[{"href":"https:\/\/donquiro.com\/fr\/wp-json\/wp\/v2\/pages"}],"about":[{"href":"https:\/\/donquiro.com\/fr\/wp-json\/wp\/v2\/types\/page"}],"author":[{"embeddable":true,"href":"https:\/\/donquiro.com\/fr\/wp-json\/wp\/v2\/users\/1"}],"replies":[{"embeddable":true,"href":"https:\/\/donquiro.com\/fr\/wp-json\/wp\/v2\/comments?post=467"}],"version-history":[{"count":5,"href":"https:\/\/donquiro.com\/fr\/wp-json\/wp\/v2\/pages\/467\/revisions"}],"predecessor-version":[{"id":2774,"href":"https:\/\/donquiro.com\/fr\/wp-json\/wp\/v2\/pages\/467\/revisions\/2774"}],"wp:attachment":[{"href":"https:\/\/donquiro.com\/fr\/wp-json\/wp\/v2\/media?parent=467"}],"curies":[{"name":"wp","href":"https:\/\/api.w.org\/{rel}","templated":true}]}}