{"id":461,"date":"2019-01-24T08:17:13","date_gmt":"2019-01-24T08:17:13","guid":{"rendered":"https:\/\/donquiro.com\/?page_id=461"},"modified":"2019-01-24T08:49:02","modified_gmt":"2019-01-24T08:49:02","slug":"fabrication-et-delai-de-livraison","status":"publish","type":"page","link":"https:\/\/donquiro.com\/fr\/fabrication-et-delai-de-livraison\/","title":{"rendered":"Fabrication et delai de livraison"},"content":{"rendered":"\n  <div class=\"banner has-hover has-parallax\" id=\"banner-1345263434\">\n          <div class=\"banner-inner fill\">\n        <div class=\"banner-bg fill\" data-parallax=\"-2\" data-parallax-container=\".banner\" data-parallax-background>\n            <div class=\"bg fill bg-fill \"><\/div>\n                        <div class=\"overlay\"><\/div>            \n                    <\/div>\n        <div class=\"banner-layers container\">\n            <div class=\"fill banner-link\"><\/div>            \n   <div id=\"text-box-1845607212\" class=\"text-box banner-layer x50 md-x50 lg-x50 y50 md-y50 lg-y50 res-text\">\n                                <div class=\"text-box-content text dark\">\n              \n              <div class=\"text-inner text-center\">\n                  \n<h3 class=\"uppercase\"><strong>Fabrication et delai de livraison<\/strong><\/h3>\n<div class=\"is-divider divider clearfix\" ><\/div>\n              <\/div>\n           <\/div>\n                            \n<style>\n#text-box-1845607212 {\n  width: 60%;\n}\n#text-box-1845607212 .text-box-content {\n  font-size: 100%;\n}\n@media (min-width:550px) {\n  #text-box-1845607212 {\n    width: 68%;\n  }\n}\n<\/style>\n    <\/div>\n \n        <\/div>\n      <\/div>\n\n            \n<style>\n#banner-1345263434 {\n  padding-top: 150px;\n}\n#banner-1345263434 .bg.bg-loaded {\n  background-image: url(https:\/\/donquiro.com\/wp-content\/uploads\/2016\/08\/dummy-2.jpg);\n}\n#banner-1345263434 .overlay {\n  background-color: rgba(0, 0, 0, 0.2);\n}\n<\/style>\n  <\/div>\n\n\n<div class=\"row\"  id=\"row-762052177\">\n\n\t<div id=\"col-1741806014\" class=\"col small-12 large-12\"  >\n\t\t<div class=\"col-inner\"  >\n\t\t\t\n\t\t\t\n<p class=\"lead\" style=\"text-align: justify;\">Une fois que la commande a \u00e9t\u00e9 pass\u00e9e, le temps de livraison d\u00e9pendra du type de mat\u00e9riel puisque les tables sont fabriqu\u00e9es sur commande. Par cons\u00e9quent, vous devez le consulter. Pour des commandes avec des modifications sp\u00e9ciales, le d\u00e9lai de livraison sera plus long que le reste.<\/p>\n<p class=\"lead\" style=\"text-align: justify;\">Les jours comptent d\u00e8s que le montant total a \u00e9t\u00e9 mis \u00e0 effet dans notre compte bancaire.<\/p>\n<p class=\"lead\" style=\"text-align: justify;\">Tous les produits que nous avons sont v\u00e9rifi\u00e9s, supervis\u00e9s et contr\u00f4l\u00e9s avant d&rsquo;\u00eatre mis en vente. L&rsquo;installation et le montage de la marchandise ne sont pas inclus.<\/p>\n<p class=\"lead\" style=\"text-align: justify;\">Apr\u00e8s avoir pass\u00e9 la commande, il est important de nous faire parvenir vos donn\u00e9es de livraison et de facturation bien d\u00e9taill\u00e9es, ainsi qu\u2019un num\u00e9ro t\u00e9l\u00e9phone de contact disponible pour que l&rsquo;agence vous puisse contacter.<\/p>\n<p class=\"lead\" style=\"text-align: justify;\">Une fois le mat\u00e9riel a \u00e9t\u00e9 livr\u00e9, vous devrez v\u00e9rifier dans les premi\u00e8res 24 heures suivants et informer DON QUIRO concernant tout type d\u2019anomalie constat\u00e9e.<\/p>\n\t\t<\/div>\n\t\t\t<\/div>\n\n\t\n<\/div>\n\t<section class=\"section dark\" id=\"section_65286226\">\n\t\t<div class=\"bg section-bg fill bg-fill  bg-loaded\" >\n\n\t\t\t\n\t\t\t\n\t\t\t\n\n\t\t<\/div>\n\n\t\t<div class=\"section-content relative\">\n\t\t\t\r\n\r\n<div class=\"row\"  id=\"row-700308948\">\r\n\r\n\n\t<div id=\"col-1312997637\" class=\"col medium-4 small-12 large-4\"  >\n\t\t<div class=\"col-inner\"  >\n\t\t\t\n\t\t\t\r\n\r\n\n\t<a class=\"plain\" href=\"https:\/\/donquiro.com\/fr\/categorie-produit\/lits\/\"  >\t<div class=\"icon-box featured-box icon-box-center text-center\"  >\n\t\t\t\t\t<div class=\"icon-box-img\" style=\"width: 128px\">\n\t\t\t\t<div class=\"icon\">\n\t\t\t\t\t<div class=\"icon-inner\" >\n\t\t\t\t\t\t<img loading=\"lazy\" decoding=\"async\" width=\"128\" height=\"128\" src=\"https:\/\/donquiro.com\/wp-content\/uploads\/2019\/01\/icono-camillas.png\" class=\"attachment-medium size-medium\" alt=\"\" srcset=\"https:\/\/donquiro.com\/wp-content\/uploads\/2019\/01\/icono-camillas.png 128w, https:\/\/donquiro.com\/wp-content\/uploads\/2019\/01\/icono-camillas-100x100.png 100w\" sizes=\"auto, (max-width: 128px) 100vw, 128px\" \/>\t\t\t\t\t<\/div>\n\t\t\t\t<\/div>\n\t\t\t<\/div>\n\t\t\t\t<div class=\"icon-box-text last-reset\">\n\t\t\t\t\t\t\t\t\t\r\n\r\n<h3><a href=\"\/?product_cat=lits\">LITS<\/a><\/h3>\r\n\r\n\t\t<\/div>\n\t<\/div>\n\t<\/a>\n\t\r\n\r\n\t\t<\/div>\n\t\t\t<\/div>\n\n\t\r\n\n\t<div id=\"col-794545890\" class=\"col medium-4 small-12 large-4\"  >\n\t\t<div class=\"col-inner\"  >\n\t\t\t\n\t\t\t\r\n\r\n\n\t<a class=\"plain\" href=\"https:\/\/donquiro.com\/fr\/categorie-produit\/complements-fr\/\"  >\t<div class=\"icon-box featured-box icon-box-center text-center\"  >\n\t\t\t\t\t<div class=\"icon-box-img\" style=\"width: 128px\">\n\t\t\t\t<div class=\"icon\">\n\t\t\t\t\t<div class=\"icon-inner\" >\n\t\t\t\t\t\t<img loading=\"lazy\" decoding=\"async\" width=\"128\" height=\"128\" src=\"https:\/\/donquiro.com\/wp-content\/uploads\/2019\/01\/icono-complementos.png\" class=\"attachment-medium size-medium\" alt=\"\" srcset=\"https:\/\/donquiro.com\/wp-content\/uploads\/2019\/01\/icono-complementos.png 128w, https:\/\/donquiro.com\/wp-content\/uploads\/2019\/01\/icono-complementos-100x100.png 100w\" sizes=\"auto, (max-width: 128px) 100vw, 128px\" \/>\t\t\t\t\t<\/div>\n\t\t\t\t<\/div>\n\t\t\t<\/div>\n\t\t\t\t<div class=\"icon-box-text last-reset\">\n\t\t\t\t\t\t\t\t\t\r\n\r\n<h3><a href=\"\/?product_cat=complements-fr\">COMPL\u00c9MENTS<\/a><\/h3>\r\n\r\n\t\t<\/div>\n\t<\/div>\n\t<\/a>\n\t\r\n\r\n\t\t<\/div>\n\t\t\t<\/div>\n\n\t\r\n\n\t<div id=\"col-1952091216\" class=\"col medium-4 small-12 large-4\"  >\n\t\t<div class=\"col-inner\"  >\n\t\t\t\n\t\t\t\r\n\r\n\n\t<a class=\"plain\" href=\"https:\/\/donquiro.com\/fr\/contacter\/\"  >\t<div class=\"icon-box featured-box icon-box-center text-center\"  >\n\t\t\t\t\t<div class=\"icon-box-img\" style=\"width: 128px\">\n\t\t\t\t<div class=\"icon\">\n\t\t\t\t\t<div class=\"icon-inner\" >\n\t\t\t\t\t\t<img loading=\"lazy\" decoding=\"async\" width=\"120\" height=\"120\" src=\"https:\/\/donquiro.com\/wp-content\/uploads\/2019\/01\/icono-contacto.png\" class=\"attachment-medium size-medium\" alt=\"\" srcset=\"https:\/\/donquiro.com\/wp-content\/uploads\/2019\/01\/icono-contacto.png 120w, https:\/\/donquiro.com\/wp-content\/uploads\/2019\/01\/icono-contacto-100x100.png 100w\" sizes=\"auto, (max-width: 120px) 100vw, 120px\" \/>\t\t\t\t\t<\/div>\n\t\t\t\t<\/div>\n\t\t\t<\/div>\n\t\t\t\t<div class=\"icon-box-text last-reset\">\n\t\t\t\t\t\t\t\t\t\r\n\r\n<h3><a href=\"https:\/\/donquiro.com\/fr\/contacter\/\">CONTACTER<\/a><\/h3>\r\n\r\n\t\t<\/div>\n\t<\/div>\n\t<\/a>\n\t\r\n\r\n\t\t<\/div>\n\t\t\t<\/div>\n\n\t\r\n\r\n<\/div>\r\n\r\n\t\t<\/div>\n\n\t\t\n<style>\n#section_65286226 {\n  padding-top: 30px;\n  padding-bottom: 30px;\n  background-color: rgb(37, 37, 37);\n}\n<\/style>\n\t<\/section>\n\t\n","protected":false},"excerpt":{"rendered":"","protected":false},"author":1,"featured_media":0,"parent":0,"menu_order":0,"comment_status":"closed","ping_status":"closed","template":"page-blank.php","meta":{"footnotes":""},"class_list":["post-461","page","type-page","status-publish","hentry"],"aioseo_notices":[],"_links":{"self":[{"href":"https:\/\/donquiro.com\/fr\/wp-json\/wp\/v2\/pages\/461","targetHints":{"allow":["GET"]}}],"collection":[{"href":"https:\/\/donquiro.com\/fr\/wp-json\/wp\/v2\/pages"}],"about":[{"href":"https:\/\/donquiro.com\/fr\/wp-json\/wp\/v2\/types\/page"}],"author":[{"embeddable":true,"href":"https:\/\/donquiro.com\/fr\/wp-json\/wp\/v2\/users\/1"}],"replies":[{"embeddable":true,"href":"https:\/\/donquiro.com\/fr\/wp-json\/wp\/v2\/comments?post=461"}],"version-history":[{"count":3,"href":"https:\/\/donquiro.com\/fr\/wp-json\/wp\/v2\/pages\/461\/revisions"}],"predecessor-version":[{"id":491,"href":"https:\/\/donquiro.com\/fr\/wp-json\/wp\/v2\/pages\/461\/revisions\/491"}],"wp:attachment":[{"href":"https:\/\/donquiro.com\/fr\/wp-json\/wp\/v2\/media?parent=461"}],"curies":[{"name":"wp","href":"https:\/\/api.w.org\/{rel}","templated":true}]}}