{"id":455,"date":"2019-01-23T17:54:44","date_gmt":"2019-01-23T17:54:44","guid":{"rendered":"https:\/\/donquiro.com\/?page_id=455"},"modified":"2023-10-06T09:55:20","modified_gmt":"2023-10-06T09:55:20","slug":"envois-et-returns","status":"publish","type":"page","link":"https:\/\/donquiro.com\/fr\/envois-et-returns\/","title":{"rendered":"Envois et Returns"},"content":{"rendered":"\n  <div class=\"banner has-hover has-parallax\" id=\"banner-560349196\">\n          <div class=\"banner-inner fill\">\n        <div class=\"banner-bg fill\" data-parallax=\"-2\" data-parallax-container=\".banner\" data-parallax-background>\n            <div class=\"bg fill bg-fill \"><\/div>\n                        <div class=\"overlay\"><\/div>            \n                    <\/div>\n        <div class=\"banner-layers container\">\n            <div class=\"fill banner-link\"><\/div>            \n   <div id=\"text-box-72422959\" class=\"text-box banner-layer x50 md-x50 lg-x50 y50 md-y50 lg-y50 res-text\">\n                                <div class=\"text-box-content text dark\">\n              \n              <div class=\"text-inner text-center\">\n                  \n<h3 class=\"uppercase\"><strong>Envois et Returns<\/strong><\/h3>\n<div class=\"is-divider divider clearfix\" ><\/div>\n              <\/div>\n           <\/div>\n                            \n<style>\n#text-box-72422959 {\n  width: 60%;\n}\n#text-box-72422959 .text-box-content {\n  font-size: 100%;\n}\n@media (min-width:550px) {\n  #text-box-72422959 {\n    width: 68%;\n  }\n}\n<\/style>\n    <\/div>\n \n        <\/div>\n      <\/div>\n\n            \n<style>\n#banner-560349196 {\n  padding-top: 150px;\n}\n#banner-560349196 .bg.bg-loaded {\n  background-image: url(https:\/\/donquiro.com\/wp-content\/uploads\/2016\/08\/dummy-2.jpg);\n}\n#banner-560349196 .overlay {\n  background-color: rgba(0, 0, 0, 0.2);\n}\n<\/style>\n  <\/div>\n\n\n<div class=\"row\"  id=\"row-30753678\">\n\n\t<div id=\"col-1296873138\" class=\"col small-12 large-12\"  >\n\t\t<div class=\"col-inner\"  >\n\t\t\t\n\t\t\t\n<h2 class=\"lead\" style=\"text-align: justify;\">FRAIS DE PORT<\/h2>\n<p class=\"lead\" style=\"text-align: justify;\">Le prix du transport d\u00e9pendra du volume, des produits, du poids et de la zone d\u2019envoi.<\/p>\n<h2 class=\"lead\" style=\"text-align: justify;\">RETOURS<\/h2>\n<p class=\"lead\" style=\"text-align: justify;\">Le Client disposera d\u2019un d\u00e9lai maximal de quatorze (14) jours naturels apr\u00e8s la r\u00e9ception du produit pour renoncer, total ou partiellement, \u00e0 l\u2019achat.<\/p>\n<p class=\"lead\" style=\"text-align: justify;\">Une fois que le d\u00e9lai de quatorze (14) jours naturels a fini, DON QUIRO n\u2019acceptera pas de retours par d\u00e9sistement d\u2019achats des Produits.<\/p>\n<p class=\"lead\" style=\"text-align: justify;\">Un produit pourra \u00eatre retourn\u00e9 \u00e0 condition qu\u2019il accomplisse les suivantes conditions requises :<\/p>\n<ul class=\"lead\" style=\"text-align: justify;\">\n<li class=\"lead\" style=\"text-align: justify;\">\n<p class=\"lead\">Si le justificatif d\u2019achat et le motif du retour sont ajout\u00e9s.<\/p>\n<\/li>\n<li class=\"lead\" style=\"text-align: justify;\">\n<p class=\"lead\">Il n\u2019a pas \u00e9t\u00e9 utilis\u00e9.<\/p>\n<\/li>\n<li class=\"lead\" style=\"text-align: justify;\">\n<p class=\"lead\">Le produit devra \u00eatre emball\u00e9 dans son emballage original, en parfait \u00e9tat et prot\u00e9g\u00e9 pour \u00e9viter des dommages dans le transport.<\/p>\n<\/li>\n<\/ul>\n<p class=\"lead\" style=\"text-align: justify;\">Le retour des commandes ne sera pas accept\u00e9 dans le cas des commandes sp\u00e9ciales fabriqu\u00e9es exclusivement pour le client.<\/p>\n<p class=\"lead\" style=\"text-align: justify;\">Une fois nous avons re\u00e7u et v\u00e9rifi\u00e9 que la marchandise est dans des conditions parfaites, nous proc\u00e9derons au remboursement correspondant ; en d\u00e9duisant les frais de port initiaux, les frais de manipulation et les frais d\u00e9riv\u00e9s par les m\u00e9thodes de paiement.<\/p>\n<h2 data-pm-slice=\"1 1 &#091;&#093;\"><strong>EXPEDITION<\/strong><\/h2>\n<p class=\"lead\">Les marchandises seront exp\u00e9di\u00e9es de \u00ab porte \u00e0 porte \u00bb. D\u00e9placer l&rsquo;exp\u00e9dition vers toute autre zone rel\u00e8ve de la responsabilit\u00e9 du client.<\/p>\n<p>\u00a0<\/p>\n\t\t<\/div>\n\t\t\t<\/div>\n\n\t\n<\/div>\n\t<section class=\"section dark\" id=\"section_1476940047\">\n\t\t<div class=\"bg section-bg fill bg-fill  bg-loaded\" >\n\n\t\t\t\n\t\t\t\n\t\t\t\n\n\t\t<\/div>\n\n\t\t<div class=\"section-content relative\">\n\t\t\t\r\n\r\n<div class=\"row\"  id=\"row-1908844760\">\r\n\r\n\n\t<div id=\"col-762410886\" class=\"col medium-4 small-12 large-4\"  >\n\t\t<div class=\"col-inner\"  >\n\t\t\t\n\t\t\t\r\n\r\n\n\t<a class=\"plain\" href=\"https:\/\/donquiro.com\/fr\/categorie-produit\/lits\/\"  >\t<div class=\"icon-box featured-box icon-box-center text-center\"  >\n\t\t\t\t\t<div class=\"icon-box-img\" style=\"width: 128px\">\n\t\t\t\t<div class=\"icon\">\n\t\t\t\t\t<div class=\"icon-inner\" >\n\t\t\t\t\t\t<img loading=\"lazy\" decoding=\"async\" width=\"128\" height=\"128\" src=\"https:\/\/donquiro.com\/wp-content\/uploads\/2019\/01\/icono-camillas.png\" class=\"attachment-medium size-medium\" alt=\"\" srcset=\"https:\/\/donquiro.com\/wp-content\/uploads\/2019\/01\/icono-camillas.png 128w, https:\/\/donquiro.com\/wp-content\/uploads\/2019\/01\/icono-camillas-100x100.png 100w\" sizes=\"auto, (max-width: 128px) 100vw, 128px\" \/>\t\t\t\t\t<\/div>\n\t\t\t\t<\/div>\n\t\t\t<\/div>\n\t\t\t\t<div class=\"icon-box-text last-reset\">\n\t\t\t\t\t\t\t\t\t\r\n\r\n<h3><a href=\"\/?product_cat=lits\">LITS<\/a><\/h3>\r\n\r\n\t\t<\/div>\n\t<\/div>\n\t<\/a>\n\t\r\n\r\n\t\t<\/div>\n\t\t\t<\/div>\n\n\t\r\n\n\t<div id=\"col-1373111133\" class=\"col medium-4 small-12 large-4\"  >\n\t\t<div class=\"col-inner\"  >\n\t\t\t\n\t\t\t\r\n\r\n\n\t<a class=\"plain\" href=\"https:\/\/donquiro.com\/fr\/categorie-produit\/complements-fr\/\"  >\t<div class=\"icon-box featured-box icon-box-center text-center\"  >\n\t\t\t\t\t<div class=\"icon-box-img\" style=\"width: 128px\">\n\t\t\t\t<div class=\"icon\">\n\t\t\t\t\t<div class=\"icon-inner\" >\n\t\t\t\t\t\t<img loading=\"lazy\" decoding=\"async\" width=\"128\" height=\"128\" src=\"https:\/\/donquiro.com\/wp-content\/uploads\/2019\/01\/icono-complementos.png\" class=\"attachment-medium size-medium\" alt=\"\" srcset=\"https:\/\/donquiro.com\/wp-content\/uploads\/2019\/01\/icono-complementos.png 128w, https:\/\/donquiro.com\/wp-content\/uploads\/2019\/01\/icono-complementos-100x100.png 100w\" sizes=\"auto, (max-width: 128px) 100vw, 128px\" \/>\t\t\t\t\t<\/div>\n\t\t\t\t<\/div>\n\t\t\t<\/div>\n\t\t\t\t<div class=\"icon-box-text last-reset\">\n\t\t\t\t\t\t\t\t\t\r\n\r\n<h3><a href=\"\/?product_cat=complements-fr\">COMPL\u00c9MENTS<\/a><\/h3>\r\n\r\n\t\t<\/div>\n\t<\/div>\n\t<\/a>\n\t\r\n\r\n\t\t<\/div>\n\t\t\t<\/div>\n\n\t\r\n\n\t<div id=\"col-1333701002\" class=\"col medium-4 small-12 large-4\"  >\n\t\t<div class=\"col-inner\"  >\n\t\t\t\n\t\t\t\r\n\r\n\n\t<a class=\"plain\" href=\"https:\/\/donquiro.com\/fr\/contacter\/\"  >\t<div class=\"icon-box featured-box icon-box-center text-center\"  >\n\t\t\t\t\t<div class=\"icon-box-img\" style=\"width: 128px\">\n\t\t\t\t<div class=\"icon\">\n\t\t\t\t\t<div class=\"icon-inner\" >\n\t\t\t\t\t\t<img loading=\"lazy\" decoding=\"async\" width=\"120\" height=\"120\" src=\"https:\/\/donquiro.com\/wp-content\/uploads\/2019\/01\/icono-contacto.png\" class=\"attachment-medium size-medium\" alt=\"\" srcset=\"https:\/\/donquiro.com\/wp-content\/uploads\/2019\/01\/icono-contacto.png 120w, https:\/\/donquiro.com\/wp-content\/uploads\/2019\/01\/icono-contacto-100x100.png 100w\" sizes=\"auto, (max-width: 120px) 100vw, 120px\" \/>\t\t\t\t\t<\/div>\n\t\t\t\t<\/div>\n\t\t\t<\/div>\n\t\t\t\t<div class=\"icon-box-text last-reset\">\n\t\t\t\t\t\t\t\t\t\r\n\r\n<h3><a href=\"https:\/\/donquiro.com\/fr\/contacter\/\">CONTACTER<\/a><\/h3>\r\n\r\n\t\t<\/div>\n\t<\/div>\n\t<\/a>\n\t\r\n\r\n\t\t<\/div>\n\t\t\t<\/div>\n\n\t\r\n\r\n<\/div>\r\n\r\n\t\t<\/div>\n\n\t\t\n<style>\n#section_1476940047 {\n  padding-top: 30px;\n  padding-bottom: 30px;\n  background-color: rgb(37, 37, 37);\n}\n<\/style>\n\t<\/section>\n\t\n","protected":false},"excerpt":{"rendered":"","protected":false},"author":1,"featured_media":0,"parent":0,"menu_order":0,"comment_status":"closed","ping_status":"closed","template":"page-blank.php","meta":{"footnotes":""},"class_list":["post-455","page","type-page","status-publish","hentry"],"aioseo_notices":[],"_links":{"self":[{"href":"https:\/\/donquiro.com\/fr\/wp-json\/wp\/v2\/pages\/455","targetHints":{"allow":["GET"]}}],"collection":[{"href":"https:\/\/donquiro.com\/fr\/wp-json\/wp\/v2\/pages"}],"about":[{"href":"https:\/\/donquiro.com\/fr\/wp-json\/wp\/v2\/types\/page"}],"author":[{"embeddable":true,"href":"https:\/\/donquiro.com\/fr\/wp-json\/wp\/v2\/users\/1"}],"replies":[{"embeddable":true,"href":"https:\/\/donquiro.com\/fr\/wp-json\/wp\/v2\/comments?post=455"}],"version-history":[{"count":6,"href":"https:\/\/donquiro.com\/fr\/wp-json\/wp\/v2\/pages\/455\/revisions"}],"predecessor-version":[{"id":6129,"href":"https:\/\/donquiro.com\/fr\/wp-json\/wp\/v2\/pages\/455\/revisions\/6129"}],"wp:attachment":[{"href":"https:\/\/donquiro.com\/fr\/wp-json\/wp\/v2\/media?parent=455"}],"curies":[{"name":"wp","href":"https:\/\/api.w.org\/{rel}","templated":true}]}}