{"id":445,"date":"2019-01-23T17:35:33","date_gmt":"2019-01-23T17:35:33","guid":{"rendered":"https:\/\/donquiro.com\/?page_id=445"},"modified":"2021-04-22T08:30:11","modified_gmt":"2021-04-22T08:30:11","slug":"la-societe","status":"publish","type":"page","link":"https:\/\/donquiro.com\/fr\/la-societe\/","title":{"rendered":"La Soci\u00e9t\u00e9"},"content":{"rendered":"\n  <div class=\"banner has-hover has-parallax\" id=\"banner-1741399383\">\n          <div class=\"banner-inner fill\">\n        <div class=\"banner-bg fill\" data-parallax=\"-3\" data-parallax-container=\".banner\" data-parallax-background>\n            <div class=\"bg fill bg-fill \"><\/div>\n                        <div class=\"overlay\"><\/div>            \n                    <\/div>\n        <div class=\"banner-layers container\">\n            <div class=\"fill banner-link\"><\/div>            \n   <div id=\"text-box-650226014\" class=\"text-box banner-layer x50 md-x50 lg-x50 y80 md-y80 lg-y80 res-text\">\n                                <div class=\"text-box-content text dark\">\n              \n              <div class=\"text-inner text-center\">\n                  \n<h1 class=\"lead\">La Soci\u00e9t\u00e9<\/h1>\n<p class=\"lead\">Nous sommes une familiale spagnole fond\u00e9e en 2002 et nous sommes un fornisseur \u00e0 niveau national et international.<\/p>\n              <\/div>\n           <\/div>\n                            \n<style>\n#text-box-650226014 {\n  width: 60%;\n}\n#text-box-650226014 .text-box-content {\n  font-size: 100%;\n}\n<\/style>\n    <\/div>\n \n        <\/div>\n      <\/div>\n\n            \n<style>\n#banner-1741399383 {\n  padding-top: 507px;\n}\n#banner-1741399383 .bg.bg-loaded {\n  background-image: url(https:\/\/donquiro.com\/wp-content\/uploads\/2019\/01\/slider02-1400x401.jpg);\n}\n#banner-1741399383 .overlay {\n  background-color: rgba(0, 0, 0, 0.49);\n}\n<\/style>\n  <\/div>\n\n\n<div class=\"row\"  id=\"row-1808752652\">\n\n\t<div id=\"col-249699299\" class=\"col small-12 large-12\"  >\n\t\t<div class=\"col-inner\"  >\n\t\t\t\n\t\t\t\n<p class=\"lead\" style=\"text-align: justify;\">Don Quiro est une soci\u00e9t\u00e9 familiale espagnole fond\u00e9e en 2002, sp\u00e9cialis\u00e9e dans la fabrication et la vente directe de tables de chiropractie, d&rsquo;ost\u00e9opathie et de physioth\u00e9rapie.<\/p>\n<p><img loading=\"lazy\" decoding=\"async\" class=\"aligncenter size-full wp-image-4491\" src=\"https:\/\/donquiro.com\/wp-content\/uploads\/2021\/04\/mapa-don-quiro.jpg\" alt=\"\" width=\"1050\" height=\"701\" srcset=\"https:\/\/donquiro.com\/wp-content\/uploads\/2021\/04\/mapa-don-quiro.jpg 1050w, https:\/\/donquiro.com\/wp-content\/uploads\/2021\/04\/mapa-don-quiro-599x400.jpg 599w, https:\/\/donquiro.com\/wp-content\/uploads\/2021\/04\/mapa-don-quiro-768x513.jpg 768w, https:\/\/donquiro.com\/wp-content\/uploads\/2021\/04\/mapa-don-quiro-300x200.jpg 300w, https:\/\/donquiro.com\/wp-content\/uploads\/2021\/04\/mapa-don-quiro-600x401.jpg 600w\" sizes=\"auto, (max-width: 1050px) 100vw, 1050px\" \/><\/p>\n<p class=\"lead\" style=\"text-align: left;\">Don Quiro commercialise \u00e9galement les outils et accessoires indispensables \u00e0 la bonne pratique des professions de sant\u00e9 ci-dessus.<\/p>\n<p class=\"lead\" style=\"text-align: justify;\">Le but de Don Quiro est de fabriquer et diffuser des produits de qualit\u00e9 sup\u00e9rieure au meilleur prix , tout en assurant un service apr\u00e8s vente haut de gamme.<\/p>\n<p class=\"lead\" style=\"text-align: justify;\">Don Quiro a une exp\u00e9rience de plus de 15 ans dans sa sp\u00e9cialit\u00e9, l&rsquo;entreprise \u00a0a \u00e9t\u00e9 r\u00e9compens\u00e9e par <em><strong>\u00ab\u00a0la m\u00e9daille d&rsquo;or europ\u00e9enne\u00a0\u00bb<\/strong><\/em> d\u00e9livr\u00e9e par l&rsquo;association Europ\u00e9enne de comp\u00e9titive \u00e9conomique.<\/p>\n<p><img loading=\"lazy\" decoding=\"async\" class=\"aligncenter size-full wp-image-4488\" src=\"https:\/\/donquiro.com\/wp-content\/uploads\/2021\/04\/diploma-juan-mateo.jpg\" alt=\"\" width=\"1050\" height=\"701\" srcset=\"https:\/\/donquiro.com\/wp-content\/uploads\/2021\/04\/diploma-juan-mateo.jpg 1050w, https:\/\/donquiro.com\/wp-content\/uploads\/2021\/04\/diploma-juan-mateo-599x400.jpg 599w, https:\/\/donquiro.com\/wp-content\/uploads\/2021\/04\/diploma-juan-mateo-768x513.jpg 768w, https:\/\/donquiro.com\/wp-content\/uploads\/2021\/04\/diploma-juan-mateo-300x200.jpg 300w, https:\/\/donquiro.com\/wp-content\/uploads\/2021\/04\/diploma-juan-mateo-600x401.jpg 600w\" sizes=\"auto, (max-width: 1050px) 100vw, 1050px\" \/><\/p>\n<p class=\"lead\" style=\"text-align: justify;\">Don Quiro exp\u00e9die ses produits partout en Europe et dans le monde entier.<\/p>\n<p class=\"lead\" style=\"text-align: justify;\">Toute l&rsquo;\u00e9quipe de Don Quiro vous remercie pour l&rsquo;int\u00e9r\u00eat que vous portez \u00e0 ses produits et se tient \u00e0 votre disposition pour r\u00e9pondre \u00e0 vos questions. Nos conseillers sont \u00e0 votre disposition pour faciliter votre choix et vous faire la meilleure offre possible.<\/p>\n<p>\u00a0<\/p>\n<div class=\"text-center\"><div class=\"is-divider divider clearfix\" ><\/div><\/div>\n\t\t<\/div>\n\t\t\t<\/div>\n\n\t\n\n\t<div id=\"col-916228117\" class=\"col small-12 large-12\"  >\n\t\t<div class=\"col-inner\"  >\n\t\t\t\n\t\t\t\n\t<div class=\"img has-hover x md-x lg-x y md-y lg-y\" id=\"image_396628491\">\n\t\t<a class=\"image-lightbox lightbox-gallery\" title=\"\" href=\"https:\/\/donquiro.com\/wp-content\/uploads\/2019\/01\/don-quiro-prendre-soin-de-toi.jpg\">\t\t\t\t<div data-animate=\"fadeInUp\">\t\t<div class=\"img-inner dark\" >\n\t\t\t<img loading=\"lazy\" decoding=\"async\" width=\"1020\" height=\"340\" src=\"https:\/\/donquiro.com\/wp-content\/uploads\/2019\/01\/don-quiro-prendre-soin-de-toi.jpg\" class=\"attachment-large size-large\" alt=\"\" srcset=\"https:\/\/donquiro.com\/wp-content\/uploads\/2019\/01\/don-quiro-prendre-soin-de-toi.jpg 1200w, https:\/\/donquiro.com\/wp-content\/uploads\/2019\/01\/don-quiro-prendre-soin-de-toi-800x267.jpg 800w, https:\/\/donquiro.com\/wp-content\/uploads\/2019\/01\/don-quiro-prendre-soin-de-toi-768x256.jpg 768w, https:\/\/donquiro.com\/wp-content\/uploads\/2019\/01\/don-quiro-prendre-soin-de-toi-300x100.jpg 300w, https:\/\/donquiro.com\/wp-content\/uploads\/2019\/01\/don-quiro-prendre-soin-de-toi-600x200.jpg 600w\" sizes=\"auto, (max-width: 1020px) 100vw, 1020px\" \/>\t\t\t\t\t\t\n\t\t\t\t\t<\/div>\n\t\t<\/div>\t\t\t\t<\/a>\t\t\n<style>\n#image_396628491 {\n  width: 100%;\n}\n<\/style>\n\t<\/div>\n\t\n\t\t<\/div>\n\t\t\t<\/div>\n\n\t\n<\/div>\n","protected":false},"excerpt":{"rendered":"","protected":false},"author":1,"featured_media":0,"parent":0,"menu_order":0,"comment_status":"closed","ping_status":"closed","template":"page-transparent-header-light.php","meta":{"footnotes":""},"class_list":["post-445","page","type-page","status-publish","hentry"],"aioseo_notices":[],"_links":{"self":[{"href":"https:\/\/donquiro.com\/fr\/wp-json\/wp\/v2\/pages\/445","targetHints":{"allow":["GET"]}}],"collection":[{"href":"https:\/\/donquiro.com\/fr\/wp-json\/wp\/v2\/pages"}],"about":[{"href":"https:\/\/donquiro.com\/fr\/wp-json\/wp\/v2\/types\/page"}],"author":[{"embeddable":true,"href":"https:\/\/donquiro.com\/fr\/wp-json\/wp\/v2\/users\/1"}],"replies":[{"embeddable":true,"href":"https:\/\/donquiro.com\/fr\/wp-json\/wp\/v2\/comments?post=445"}],"version-history":[{"count":7,"href":"https:\/\/donquiro.com\/fr\/wp-json\/wp\/v2\/pages\/445\/revisions"}],"predecessor-version":[{"id":4496,"href":"https:\/\/donquiro.com\/fr\/wp-json\/wp\/v2\/pages\/445\/revisions\/4496"}],"wp:attachment":[{"href":"https:\/\/donquiro.com\/fr\/wp-json\/wp\/v2\/media?parent=445"}],"curies":[{"name":"wp","href":"https:\/\/api.w.org\/{rel}","templated":true}]}}